{"id":994449,"date":"2025-02-10T16:11:46","date_gmt":"2025-02-10T13:11:46","guid":{"rendered":"https:\/\/fzk.com.tr\/?page_id=994449"},"modified":"2025-03-07T15:44:57","modified_gmt":"2025-03-07T12:44:57","slug":"automotive","status":"publish","type":"page","link":"https:\/\/fzk.com.tr\/en\/automotive\/","title":{"rendered":"Automotive"},"content":{"rendered":"\t\t<div data-elementor-type=\"wp-page\" data-elementor-id=\"994449\" class=\"elementor elementor-994449 elementor-994448\" data-elementor-post-type=\"page\">\n\t\t\t\t\t\t<section class=\"elementor-section elementor-top-section elementor-element elementor-element-222dfdf elementor-section-content-top elementor-section-boxed elementor-section-height-default elementor-section-height-default\" data-id=\"222dfdf\" data-element_type=\"section\" data-settings=\"{&quot;background_background&quot;:&quot;classic&quot;}\">\n\t\t\t\t\t\t<div class=\"elementor-container elementor-column-gap-no\">\n\t\t\t\t\t<div class=\"elementor-column elementor-col-33 elementor-top-column elementor-element elementor-element-051f20a\" data-id=\"051f20a\" data-element_type=\"column\">\n\t\t\t<div class=\"elementor-widget-wrap elementor-element-populated\">\n\t\t\t\t\t\t<div class=\"elementor-element elementor-element-0d31025 elementor-invisible elementor-widget elementor-widget-heading\" data-id=\"0d31025\" data-element_type=\"widget\" data-settings=\"{&quot;_animation&quot;:&quot;fadeIn&quot;,&quot;_animation_delay&quot;:200}\" data-widget_type=\"heading.default\">\n\t\t\t\t<div class=\"elementor-widget-container\">\n\t\t\t\t\t<h2 class=\"elementor-heading-title elementor-size-default\">POWER TOWARDS THE FUTURE<\/h2>\t\t\t\t<\/div>\n\t\t\t\t<\/div>\n\t\t\t\t\t<\/div>\n\t\t<\/div>\n\t\t\t\t<div class=\"elementor-column elementor-col-66 elementor-top-column elementor-element elementor-element-af7b2b4\" data-id=\"af7b2b4\" data-element_type=\"column\">\n\t\t\t<div class=\"elementor-widget-wrap elementor-element-populated\">\n\t\t\t\t\t\t<div class=\"elementor-element elementor-element-0c53595 elementor-widget elementor-widget-text-editor\" data-id=\"0c53595\" data-element_type=\"widget\" data-widget_type=\"text-editor.default\">\n\t\t\t\t<div class=\"elementor-widget-container\">\n\t\t\t\t\t\t\t\t\t<p>We provide the leaders of the automotive industry with products that meet the highest standards of quality and precision. With our team of experienced engineers and technicians, we work tirelessly to ensure that each product meets the specifications our customers demand. Whether you need custom-designed parts or standard components, you can count on us for reliable and durable solutions that meet your expectations.<\/p>\t\t\t\t\t\t\t\t<\/div>\n\t\t\t\t<\/div>\n\t\t\t\t\t<\/div>\n\t\t<\/div>\n\t\t\t\t\t<\/div>\n\t\t<\/section>\n\t\t\t\t<section class=\"elementor-section elementor-top-section elementor-element elementor-element-d37817e elementor-section-height-min-height elementor-section-items-stretch elementor-section-boxed elementor-section-height-default\" data-id=\"d37817e\" data-element_type=\"section\" data-settings=\"{&quot;background_background&quot;:&quot;gradient&quot;}\">\n\t\t\t\t\t\t\t<div class=\"elementor-background-overlay\"><\/div>\n\t\t\t\t\t\t\t<div class=\"elementor-container elementor-column-gap-no\">\n\t\t\t\t\t<div class=\"elementor-column elementor-col-100 elementor-top-column elementor-element elementor-element-10d7584\" data-id=\"10d7584\" data-element_type=\"column\" data-settings=\"{&quot;background_background&quot;:&quot;classic&quot;,&quot;background_motion_fx_scale_effect&quot;:&quot;yes&quot;,&quot;background_motion_fx_scale_speed&quot;:{&quot;unit&quot;:&quot;px&quot;,&quot;size&quot;:1,&quot;sizes&quot;:[]},&quot;background_motion_fx_devices&quot;:[&quot;desktop&quot;],&quot;background_motion_fx_motion_fx_scrolling&quot;:&quot;yes&quot;,&quot;background_motion_fx_scale_direction&quot;:&quot;out-in&quot;,&quot;background_motion_fx_scale_range&quot;:{&quot;unit&quot;:&quot;%&quot;,&quot;size&quot;:&quot;&quot;,&quot;sizes&quot;:{&quot;start&quot;:20,&quot;end&quot;:80}}}\">\n\t\t\t<div class=\"elementor-widget-wrap elementor-element-populated\">\n\t\t\t\t\t\t<div class=\"elementor-element elementor-element-4783a30 elementor-widget elementor-widget-spacer\" data-id=\"4783a30\" data-element_type=\"widget\" data-widget_type=\"spacer.default\">\n\t\t\t\t<div class=\"elementor-widget-container\">\n\t\t\t\t\t\t\t<div class=\"elementor-spacer\">\n\t\t\t<div class=\"elementor-spacer-inner\"><\/div>\n\t\t<\/div>\n\t\t\t\t\t\t<\/div>\n\t\t\t\t<\/div>\n\t\t\t\t\t<\/div>\n\t\t<\/div>\n\t\t\t\t\t<\/div>\n\t\t<\/section>\n\t\t<div class=\"elementor-element elementor-element-696df75 e-flex e-con-boxed e-con e-parent\" data-id=\"696df75\" data-element_type=\"container\">\n\t\t\t\t\t<div class=\"e-con-inner\">\n\t\t\t\t<div class=\"elementor-element elementor-element-25bab41 elementor-widget elementor-widget-spacer\" data-id=\"25bab41\" data-element_type=\"widget\" data-widget_type=\"spacer.default\">\n\t\t\t\t<div class=\"elementor-widget-container\">\n\t\t\t\t\t\t\t<div class=\"elementor-spacer\">\n\t\t\t<div class=\"elementor-spacer-inner\"><\/div>\n\t\t<\/div>\n\t\t\t\t\t\t<\/div>\n\t\t\t\t<\/div>\n\t\t\t\t\t<\/div>\n\t\t\t\t<\/div>\n\t\t<div class=\"elementor-element elementor-element-f1811be e-flex e-con-boxed e-con e-parent\" data-id=\"f1811be\" data-element_type=\"container\">\n\t\t\t\t\t<div class=\"e-con-inner\">\n\t\t<div class=\"elementor-element elementor-element-f32871e e-con-full e-flex e-con e-child\" data-id=\"f32871e\" data-element_type=\"container\">\n\t\t<div class=\"elementor-element elementor-element-0a875a1 e-con-full e-flex e-con e-child\" data-id=\"0a875a1\" data-element_type=\"container\">\n\t\t\t\t<div class=\"elementor-element elementor-element-47b7fd7 elementor-align-start elementor-widget__width-initial elementor-icon-list--layout-traditional elementor-list-item-link-full_width elementor-widget elementor-widget-icon-list\" data-id=\"47b7fd7\" data-element_type=\"widget\" data-widget_type=\"icon-list.default\">\n\t\t\t\t<div class=\"elementor-widget-container\">\n\t\t\t\t\t\t\t<ul class=\"elementor-icon-list-items\">\n\t\t\t\t\t\t\t<li class=\"elementor-icon-list-item\">\n\t\t\t\t\t\t\t\t\t\t\t<span class=\"elementor-icon-list-icon\">\n\t\t\t\t\t\t\t<i aria-hidden=\"true\" class=\"vamtamtheme- vamtam-theme-check\"><\/i>\t\t\t\t\t\t<\/span>\n\t\t\t\t\t\t\t\t\t\t<span class=\"elementor-icon-list-text\">Carcass Manufacturing<\/span>\n\t\t\t\t\t\t\t\t\t<\/li>\n\t\t\t\t\t\t<\/ul>\n\t\t\t\t\t\t<\/div>\n\t\t\t\t<\/div>\n\t\t\t\t<\/div>\n\t\t\t\t<\/div>\n\t\t<div class=\"elementor-element elementor-element-429a5c1 e-con-full e-flex e-con e-child\" data-id=\"429a5c1\" data-element_type=\"container\">\n\t\t<div class=\"elementor-element elementor-element-80e9c97 e-con-full e-flex e-con e-child\" data-id=\"80e9c97\" data-element_type=\"container\">\n\t\t\t\t<div class=\"elementor-element elementor-element-0f310ef elementor-align-start elementor-mobile-align-start elementor-icon-list--layout-traditional elementor-list-item-link-full_width elementor-widget elementor-widget-icon-list\" data-id=\"0f310ef\" data-element_type=\"widget\" data-widget_type=\"icon-list.default\">\n\t\t\t\t<div class=\"elementor-widget-container\">\n\t\t\t\t\t\t\t<ul class=\"elementor-icon-list-items\">\n\t\t\t\t\t\t\t<li class=\"elementor-icon-list-item\">\n\t\t\t\t\t\t\t\t\t\t\t<span class=\"elementor-icon-list-icon\">\n\t\t\t\t\t\t\t<i aria-hidden=\"true\" class=\"vamtamtheme- vamtam-theme-check\"><\/i>\t\t\t\t\t\t<\/span>\n\t\t\t\t\t\t\t\t\t\t<span class=\"elementor-icon-list-text\">Cabin Manufacturing<\/span>\n\t\t\t\t\t\t\t\t\t<\/li>\n\t\t\t\t\t\t<\/ul>\n\t\t\t\t\t\t<\/div>\n\t\t\t\t<\/div>\n\t\t\t\t<\/div>\n\t\t\t\t<\/div>\n\t\t<div class=\"elementor-element elementor-element-d7e2d19 e-con-full e-flex e-con e-child\" data-id=\"d7e2d19\" data-element_type=\"container\">\n\t\t<div class=\"elementor-element elementor-element-758634b e-con-full e-flex e-con e-child\" data-id=\"758634b\" data-element_type=\"container\">\n\t\t\t\t<div class=\"elementor-element elementor-element-c1a6330 elementor-align-start elementor-widget__width-initial elementor-icon-list--layout-traditional elementor-list-item-link-full_width elementor-widget elementor-widget-icon-list\" data-id=\"c1a6330\" data-element_type=\"widget\" data-widget_type=\"icon-list.default\">\n\t\t\t\t<div class=\"elementor-widget-container\">\n\t\t\t\t\t\t\t<ul class=\"elementor-icon-list-items\">\n\t\t\t\t\t\t\t<li class=\"elementor-icon-list-item\">\n\t\t\t\t\t\t\t\t\t\t\t<span class=\"elementor-icon-list-icon\">\n\t\t\t\t\t\t\t<i aria-hidden=\"true\" class=\"vamtamtheme- vamtam-theme-check\"><\/i>\t\t\t\t\t\t<\/span>\n\t\t\t\t\t\t\t\t\t\t<span class=\"elementor-icon-list-text\">Prototype Vehicle Manufacturing<\/span>\n\t\t\t\t\t\t\t\t\t<\/li>\n\t\t\t\t\t\t<\/ul>\n\t\t\t\t\t\t<\/div>\n\t\t\t\t<\/div>\n\t\t\t\t<\/div>\n\t\t\t\t<\/div>\n\t\t<div class=\"elementor-element elementor-element-df26fa8 e-con-full e-flex e-con e-child\" data-id=\"df26fa8\" data-element_type=\"container\">\n\t\t<div class=\"elementor-element elementor-element-536fa5f e-con-full e-flex e-con e-child\" data-id=\"536fa5f\" data-element_type=\"container\">\n\t\t\t\t<div class=\"elementor-element elementor-element-aa32162 elementor-align-start elementor-widget__width-initial elementor-icon-list--layout-traditional elementor-list-item-link-full_width elementor-widget elementor-widget-icon-list\" data-id=\"aa32162\" data-element_type=\"widget\" data-widget_type=\"icon-list.default\">\n\t\t\t\t<div class=\"elementor-widget-container\">\n\t\t\t\t\t\t\t<ul class=\"elementor-icon-list-items\">\n\t\t\t\t\t\t\t<li class=\"elementor-icon-list-item\">\n\t\t\t\t\t\t\t\t\t\t\t<span class=\"elementor-icon-list-icon\">\n\t\t\t\t\t\t\t<i aria-hidden=\"true\" class=\"vamtamtheme- vamtam-theme-check\"><\/i>\t\t\t\t\t\t<\/span>\n\t\t\t\t\t\t\t\t\t\t<span class=\"elementor-icon-list-text\">Concealed Armored Bus Carcass Manufacturing<\/span>\n\t\t\t\t\t\t\t\t\t<\/li>\n\t\t\t\t\t\t<\/ul>\n\t\t\t\t\t\t<\/div>\n\t\t\t\t<\/div>\n\t\t\t\t<\/div>\n\t\t\t\t<\/div>\n\t\t\t\t\t<\/div>\n\t\t\t\t<\/div>\n\t\t<div class=\"elementor-element elementor-element-2f284bb e-flex e-con-boxed e-con e-parent\" data-id=\"2f284bb\" data-element_type=\"container\">\n\t\t\t\t\t<div class=\"e-con-inner\">\n\t\t\t\t<div class=\"elementor-element elementor-element-2856a03 elementor-widget elementor-widget-spacer\" data-id=\"2856a03\" data-element_type=\"widget\" data-widget_type=\"spacer.default\">\n\t\t\t\t<div class=\"elementor-widget-container\">\n\t\t\t\t\t\t\t<div class=\"elementor-spacer\">\n\t\t\t<div class=\"elementor-spacer-inner\"><\/div>\n\t\t<\/div>\n\t\t\t\t\t\t<\/div>\n\t\t\t\t<\/div>\n\t\t\t\t<div class=\"elementor-element elementor-element-a4b4149 elementor-arrows-position-inside elementor-widget elementor-widget-image-carousel\" data-id=\"a4b4149\" data-element_type=\"widget\" data-settings=\"{&quot;slides_to_show&quot;:&quot;3&quot;,&quot;navigation&quot;:&quot;arrows&quot;,&quot;image_spacing_custom&quot;:{&quot;unit&quot;:&quot;px&quot;,&quot;size&quot;:10,&quot;sizes&quot;:[]},&quot;autoplay&quot;:&quot;yes&quot;,&quot;pause_on_hover&quot;:&quot;yes&quot;,&quot;pause_on_interaction&quot;:&quot;yes&quot;,&quot;autoplay_speed&quot;:5000,&quot;infinite&quot;:&quot;yes&quot;,&quot;speed&quot;:500,&quot;image_spacing_custom_tablet&quot;:{&quot;unit&quot;:&quot;px&quot;,&quot;size&quot;:&quot;&quot;,&quot;sizes&quot;:[]},&quot;image_spacing_custom_mobile&quot;:{&quot;unit&quot;:&quot;px&quot;,&quot;size&quot;:&quot;&quot;,&quot;sizes&quot;:[]}}\" data-widget_type=\"image-carousel.default\">\n\t\t\t\t<div class=\"elementor-widget-container\">\n\t\t\t\t\t\t\t<div class=\"elementor-image-carousel-wrapper swiper\" role=\"region\" aria-roledescription=\"carousel\" aria-label=\"Resim D\u00f6ng\u00fcs\u00fc\" dir=\"ltr\">\n\t\t\t<div class=\"elementor-image-carousel swiper-wrapper\" aria-live=\"off\">\n\t\t\t\t\t\t\t\t<div class=\"swiper-slide\" role=\"group\" aria-roledescription=\"slide\" aria-label=\"1 of 4\"><figure class=\"swiper-slide-inner\"><img decoding=\"async\" class=\"swiper-slide-image\" src=\"https:\/\/fzk.com.tr\/wp-content\/uploads\/2024\/06\/IMG_9675.jpg\" alt=\"fikstur-makina-ve-ekipman-gorsel-6\" \/><\/figure><\/div><div class=\"swiper-slide\" role=\"group\" aria-roledescription=\"slide\" aria-label=\"2 of 4\"><figure class=\"swiper-slide-inner\"><img decoding=\"async\" class=\"swiper-slide-image\" src=\"https:\/\/fzk.com.tr\/wp-content\/uploads\/2024\/06\/IMG_9683.jpg\" alt=\"fikstur-makina-ve-ekipman-gorsel-7\" \/><\/figure><\/div><div class=\"swiper-slide\" role=\"group\" aria-roledescription=\"slide\" aria-label=\"3 of 4\"><figure class=\"swiper-slide-inner\"><img decoding=\"async\" class=\"swiper-slide-image\" src=\"https:\/\/fzk.com.tr\/wp-content\/uploads\/2024\/07\/fikstur-kalip-gorsel-v2_0001_IMG_9667.jpg\" alt=\"fikstur-kalip-gorsel-v2_0001_IMG_9667\" \/><\/figure><\/div><div class=\"swiper-slide\" role=\"group\" aria-roledescription=\"slide\" aria-label=\"4 of 4\"><figure class=\"swiper-slide-inner\"><img decoding=\"async\" class=\"swiper-slide-image\" src=\"https:\/\/fzk.com.tr\/wp-content\/uploads\/2024\/06\/DSC00979.jpg\" alt=\"fikstur-makina-ve-ekipman-gorsel-11\" \/><\/figure><\/div>\t\t\t<\/div>\n\t\t\t\t\t\t\t\t\t\t\t\t<div class=\"elementor-swiper-button elementor-swiper-button-prev\" role=\"button\" tabindex=\"0\">\n\t\t\t\t\t\t<i aria-hidden=\"true\" class=\"eicon-chevron-left\"><\/i>\t\t\t\t\t<\/div>\n\t\t\t\t\t<div class=\"elementor-swiper-button elementor-swiper-button-next\" role=\"button\" tabindex=\"0\">\n\t\t\t\t\t\t<i aria-hidden=\"true\" class=\"eicon-chevron-right\"><\/i>\t\t\t\t\t<\/div>\n\t\t\t\t\n\t\t\t\t\t\t\t\t\t<\/div>\n\t\t\t\t\t\t<\/div>\n\t\t\t\t<\/div>\n\t\t\t\t\t<\/div>\n\t\t\t\t<\/div>\n\t\t\t\t<section class=\"elementor-section elementor-top-section elementor-element elementor-element-76db19f8 elementor-section-boxed elementor-section-height-default elementor-section-height-default\" data-id=\"76db19f8\" data-element_type=\"section\">\n\t\t\t\t\t\t<div class=\"elementor-container elementor-column-gap-no\">\n\t\t\t\t\t<div class=\"elementor-column elementor-col-100 elementor-top-column elementor-element elementor-element-29362905 elementor-hidden-desktop elementor-hidden-tablet elementor-hidden-mobile\" data-id=\"29362905\" data-element_type=\"column\">\n\t\t\t<div class=\"elementor-widget-wrap elementor-element-populated\">\n\t\t\t\t\t\t<div class=\"elementor-element elementor-element-ce5f666 elementor-widget elementor-widget-spacer\" data-id=\"ce5f666\" data-element_type=\"widget\" data-widget_type=\"spacer.default\">\n\t\t\t\t<div class=\"elementor-widget-container\">\n\t\t\t\t\t\t\t<div class=\"elementor-spacer\">\n\t\t\t<div class=\"elementor-spacer-inner\"><\/div>\n\t\t<\/div>\n\t\t\t\t\t\t<\/div>\n\t\t\t\t<\/div>\n\t\t\t\t<div class=\"elementor-element elementor-element-4ae86321 elementor-tabs-view-vertical elementor-widget elementor-widget-tabs\" data-id=\"4ae86321\" data-element_type=\"widget\" data-widget_type=\"tabs.default\">\n\t\t\t\t<div class=\"elementor-widget-container\">\n\t\t\t\t\t\t\t<div class=\"elementor-tabs\">\n\t\t\t<div class=\"elementor-tabs-wrapper\" role=\"tablist\" >\n\t\t\t\t\t\t\t\t\t<div id=\"elementor-tab-title-1251\" class=\"elementor-tab-title elementor-tab-desktop-title\" aria-selected=\"true\" data-tab=\"1\" role=\"tab\" tabindex=\"0\" aria-controls=\"elementor-tab-content-1251\" aria-expanded=\"false\">Karkas \u0130malatlar\u0131<\/div>\n\t\t\t\t\t\t\t\t\t<div id=\"elementor-tab-title-1252\" class=\"elementor-tab-title elementor-tab-desktop-title\" aria-selected=\"false\" data-tab=\"2\" role=\"tab\" tabindex=\"-1\" aria-controls=\"elementor-tab-content-1252\" aria-expanded=\"false\">Gizli Z\u0131rhl\u0131 Otob\u00fcs Karkas \u0130malatlar\u0131<\/div>\n\t\t\t\t\t\t\t\t\t<div id=\"elementor-tab-title-1253\" class=\"elementor-tab-title elementor-tab-desktop-title\" aria-selected=\"false\" data-tab=\"3\" role=\"tab\" tabindex=\"-1\" aria-controls=\"elementor-tab-content-1253\" aria-expanded=\"false\">Prototip Ara\u00e7 \u0130malatlar\u0131<\/div>\n\t\t\t\t\t\t\t\t\t<div id=\"elementor-tab-title-1254\" class=\"elementor-tab-title elementor-tab-desktop-title\" aria-selected=\"false\" data-tab=\"4\" role=\"tab\" tabindex=\"-1\" aria-controls=\"elementor-tab-content-1254\" aria-expanded=\"false\">Kabin \u0130malatlar\u0131<\/div>\n\t\t\t\t\t\t\t<\/div>\n\t\t\t<div class=\"elementor-tabs-content-wrapper\" role=\"tablist\" aria-orientation=\"vertical\">\n\t\t\t\t\t\t\t\t\t<div class=\"elementor-tab-title elementor-tab-mobile-title\" aria-selected=\"true\" data-tab=\"1\" role=\"tab\" tabindex=\"0\" aria-controls=\"elementor-tab-content-1251\" aria-expanded=\"false\">Karkas \u0130malatlar\u0131<\/div>\n\t\t\t\t\t<div id=\"elementor-tab-content-1251\" class=\"elementor-tab-content elementor-clearfix\" data-tab=\"1\" role=\"tabpanel\" aria-labelledby=\"elementor-tab-title-1251\" tabindex=\"0\" hidden=\"false\"><h3>\u00a0Karkas \u0130malatlar\u0131<\/h3><p>Farkl\u0131 marka ve model ticari ve binek ara\u00e7lar\u0131n karkas imalatlar\u0131n\u0131 ger\u00e7ekle\u015ftiriyoruz.<\/p><p><img fetchpriority=\"high\" decoding=\"async\" class=\"alignnone wp-image-988443\" src=\"https:\/\/fzk.com.tr\/wp-content\/uploads\/2024\/04\/karkas3.jpg\" alt=\"\" width=\"599\" height=\"321\" srcset=\"https:\/\/fzk.com.tr\/wp-content\/uploads\/2024\/04\/karkas3.jpg 500w, https:\/\/fzk.com.tr\/wp-content\/uploads\/2024\/04\/karkas3-300x161.jpg 300w\" sizes=\"(max-width: 599px) 100vw, 599px\" \/><\/p><\/div>\n\t\t\t\t\t\t\t\t\t<div class=\"elementor-tab-title elementor-tab-mobile-title\" aria-selected=\"false\" data-tab=\"2\" role=\"tab\" tabindex=\"-1\" aria-controls=\"elementor-tab-content-1252\" aria-expanded=\"false\">Gizli Z\u0131rhl\u0131 Otob\u00fcs Karkas \u0130malatlar\u0131<\/div>\n\t\t\t\t\t<div id=\"elementor-tab-content-1252\" class=\"elementor-tab-content elementor-clearfix\" data-tab=\"2\" role=\"tabpanel\" aria-labelledby=\"elementor-tab-title-1252\" tabindex=\"0\" hidden=\"hidden\"><h3>Gizli Z\u0131rhl\u0131 Otob\u00fcs Karkas \u0130malatlar\u0131<\/h3><p>\u00d6zel olarak \u00fcretilen g\u00fcvenlik donan\u0131ml\u0131 Ultra Gizli Z\u0131rhl\u0131 Personel Ta\u015f\u0131ma Ara\u00e7lar\u0131 ile H\u00fck\u00fcml\u00fc Nakil Ara\u00e7lar\u0131n\u0131n karkas g\u00f6vde imalatlar\u0131n\u0131 ger\u00e7ekle\u015ftiriyoruz.<\/p><p><img decoding=\"async\" class=\"alignnone wp-image-988444\" src=\"https:\/\/fzk.com.tr\/wp-content\/uploads\/2024\/04\/frame-1_3.png\" alt=\"\" width=\"543\" height=\"407\" \/><\/p><\/div>\n\t\t\t\t\t\t\t\t\t<div class=\"elementor-tab-title elementor-tab-mobile-title\" aria-selected=\"false\" data-tab=\"3\" role=\"tab\" tabindex=\"-1\" aria-controls=\"elementor-tab-content-1253\" aria-expanded=\"false\">Prototip Ara\u00e7 \u0130malatlar\u0131<\/div>\n\t\t\t\t\t<div id=\"elementor-tab-content-1253\" class=\"elementor-tab-content elementor-clearfix\" data-tab=\"3\" role=\"tabpanel\" aria-labelledby=\"elementor-tab-title-1253\" tabindex=\"0\" hidden=\"hidden\"><h3>Prototip Ara\u00e7 \u0130malatlar\u0131<\/h3><p>Binek ve ticari ara\u00e7lar\u0131n prototip g\u00f6vde imalatlar\u0131n\u0131 ger\u00e7ekle\u015ftiriyoruz.<\/p><p><img decoding=\"async\" class=\"alignnone wp-image-990841 size-full\" src=\"https:\/\/fzk.com.tr\/wp-content\/uploads\/2024\/06\/protatip-arac-imalati-gorsel.jpg\" alt=\"\" width=\"600\" height=\"600\" srcset=\"https:\/\/fzk.com.tr\/wp-content\/uploads\/2024\/06\/protatip-arac-imalati-gorsel.jpg 600w, https:\/\/fzk.com.tr\/wp-content\/uploads\/2024\/06\/protatip-arac-imalati-gorsel-300x300.jpg 300w, https:\/\/fzk.com.tr\/wp-content\/uploads\/2024\/06\/protatip-arac-imalati-gorsel-150x150.jpg 150w\" sizes=\"(max-width: 600px) 100vw, 600px\" \/><\/p><\/div>\n\t\t\t\t\t\t\t\t\t<div class=\"elementor-tab-title elementor-tab-mobile-title\" aria-selected=\"false\" data-tab=\"4\" role=\"tab\" tabindex=\"-1\" aria-controls=\"elementor-tab-content-1254\" aria-expanded=\"false\">Kabin \u0130malatlar\u0131<\/div>\n\t\t\t\t\t<div id=\"elementor-tab-content-1254\" class=\"elementor-tab-content elementor-clearfix\" data-tab=\"4\" role=\"tabpanel\" aria-labelledby=\"elementor-tab-title-1254\" tabindex=\"0\" hidden=\"hidden\"><h3>Kabin \u0130malatlar\u0131<\/h3><p>Farkl\u0131 marka ve model trakt\u00f6rlerin a\u00e7\u0131k ve kapal\u0131 kasa kabin karkas imalatlar\u0131n\u0131 ger\u00e7ekle\u015ftiriyoruz.<\/p><p><img loading=\"lazy\" decoding=\"async\" class=\"alignnone wp-image-988446\" src=\"https:\/\/fzk.com.tr\/wp-content\/uploads\/2024\/04\/kabin-imalatlari.jpg\" alt=\"\" width=\"590\" height=\"333\" srcset=\"https:\/\/fzk.com.tr\/wp-content\/uploads\/2024\/04\/kabin-imalatlari.jpg 480w, https:\/\/fzk.com.tr\/wp-content\/uploads\/2024\/04\/kabin-imalatlari-300x169.jpg 300w\" sizes=\"(max-width: 590px) 100vw, 590px\" \/><\/p><\/div>\n\t\t\t\t\t\t\t<\/div>\n\t\t<\/div>\n\t\t\t\t\t\t<\/div>\n\t\t\t\t<\/div>\n\t\t\t\t<div class=\"elementor-element elementor-element-5400df6 elementor-widget elementor-widget-spacer\" data-id=\"5400df6\" data-element_type=\"widget\" data-widget_type=\"spacer.default\">\n\t\t\t\t<div class=\"elementor-widget-container\">\n\t\t\t\t\t\t\t<div class=\"elementor-spacer\">\n\t\t\t<div class=\"elementor-spacer-inner\"><\/div>\n\t\t<\/div>\n\t\t\t\t\t\t<\/div>\n\t\t\t\t<\/div>\n\t\t\t\t<div class=\"elementor-element elementor-element-dd3271f elementor-invisible elementor-widget elementor-widget-heading\" data-id=\"dd3271f\" data-element_type=\"widget\" data-settings=\"{&quot;_animation&quot;:&quot;fadeIn&quot;,&quot;_animation_delay&quot;:200}\" data-widget_type=\"heading.default\">\n\t\t\t\t<div class=\"elementor-widget-container\">\n\t\t\t\t\t<h2 class=\"elementor-heading-title elementor-size-default\">Galeri<\/h2>\t\t\t\t<\/div>\n\t\t\t\t<\/div>\n\t\t\t\t\t<\/div>\n\t\t<\/div>\n\t\t\t\t\t<\/div>\n\t\t<\/section>\n\t\t\t\t<\/div>\n\t\t","protected":false},"excerpt":{"rendered":"<p>POWER TOWARDS THE FUTURE We provide the leaders of the automotive industry with products that meet the highest standards of quality and precision. With our team of experienced engineers and technicians, we work tirelessly to ensure that each product meets the specifications our customers demand. Whether you need custom-designed parts or standard components, you can&#8230;<\/p>\n","protected":false},"author":2,"featured_media":992804,"parent":0,"menu_order":0,"comment_status":"closed","ping_status":"closed","template":"","meta":{"footnotes":""},"class_list":["post-994449","page","type-page","status-publish","has-post-thumbnail","hentry"],"_links":{"self":[{"href":"https:\/\/fzk.com.tr\/en\/wp-json\/wp\/v2\/pages\/994449","targetHints":{"allow":["GET"]}}],"collection":[{"href":"https:\/\/fzk.com.tr\/en\/wp-json\/wp\/v2\/pages"}],"about":[{"href":"https:\/\/fzk.com.tr\/en\/wp-json\/wp\/v2\/types\/page"}],"author":[{"embeddable":true,"href":"https:\/\/fzk.com.tr\/en\/wp-json\/wp\/v2\/users\/2"}],"replies":[{"embeddable":true,"href":"https:\/\/fzk.com.tr\/en\/wp-json\/wp\/v2\/comments?post=994449"}],"version-history":[{"count":1,"href":"https:\/\/fzk.com.tr\/en\/wp-json\/wp\/v2\/pages\/994449\/revisions"}],"predecessor-version":[{"id":994492,"href":"https:\/\/fzk.com.tr\/en\/wp-json\/wp\/v2\/pages\/994449\/revisions\/994492"}],"wp:featuredmedia":[{"embeddable":true,"href":"https:\/\/fzk.com.tr\/en\/wp-json\/wp\/v2\/media\/992804"}],"wp:attachment":[{"href":"https:\/\/fzk.com.tr\/en\/wp-json\/wp\/v2\/media?parent=994449"}],"curies":[{"name":"wp","href":"https:\/\/api.w.org\/{rel}","templated":true}]}}