{"id":992958,"date":"2023-08-01T11:29:52","date_gmt":"2023-08-01T08:29:52","guid":{"rendered":"https:\/\/fzk.com.tr\/prototip-ve-ozel-uretim\/"},"modified":"2024-07-22T17:00:24","modified_gmt":"2024-07-22T14:00:24","slug":"prototype-and-special-production","status":"publish","type":"page","link":"https:\/\/fzk.com.tr\/en\/prototype-and-special-production\/","title":{"rendered":"Prototype and Special Production"},"content":{"rendered":"\n<pre id=\"tw-target-text\" class=\"wp-block-preformatted\">Prototype and Special Production<\/pre>\n\n\n\n<pre id=\"tw-target-rmn\" class=\"wp-block-preformatted\"><\/pre>\n\n\n\n<figure class=\"wp-block-image\"><img decoding=\"async\" src=\"blob:https:\/\/fzk.com.tr\/94199a81-2cf4-4c6a-b62e-c34f1b91238d\" alt=\"Topluluk Taraf\u0131ndan Do\u011fruland\u0131 simgesi\"\/><\/figure>\n\n\n\n<pre id=\"tw-target-text\" class=\"wp-block-preformatted\">Prototype and Special Production<\/pre>\n\n\n\n<pre id=\"tw-target-rmn\" class=\"wp-block-preformatted\"><\/pre>\n\n\n\n<figure class=\"wp-block-image size-full\"><img decoding=\"async\" width=\"20\" height=\"20\" src=\"https:\/\/fzk.com.tr\/wp-content\/uploads\/2024\/07\/image-3.png\" alt=\"\" class=\"wp-image-993116\"\/><\/figure>\n","protected":false},"excerpt":{"rendered":"<p>Let\u2019s talk<\/p>\n","protected":false},"author":2,"featured_media":0,"parent":0,"menu_order":0,"comment_status":"closed","ping_status":"closed","template":"","meta":{"footnotes":""},"class_list":["post-992958","page","type-page","status-publish","hentry"],"_links":{"self":[{"href":"https:\/\/fzk.com.tr\/en\/wp-json\/wp\/v2\/pages\/992958","targetHints":{"allow":["GET"]}}],"collection":[{"href":"https:\/\/fzk.com.tr\/en\/wp-json\/wp\/v2\/pages"}],"about":[{"href":"https:\/\/fzk.com.tr\/en\/wp-json\/wp\/v2\/types\/page"}],"author":[{"embeddable":true,"href":"https:\/\/fzk.com.tr\/en\/wp-json\/wp\/v2\/users\/2"}],"replies":[{"embeddable":true,"href":"https:\/\/fzk.com.tr\/en\/wp-json\/wp\/v2\/comments?post=992958"}],"version-history":[{"count":2,"href":"https:\/\/fzk.com.tr\/en\/wp-json\/wp\/v2\/pages\/992958\/revisions"}],"predecessor-version":[{"id":993120,"href":"https:\/\/fzk.com.tr\/en\/wp-json\/wp\/v2\/pages\/992958\/revisions\/993120"}],"wp:attachment":[{"href":"https:\/\/fzk.com.tr\/en\/wp-json\/wp\/v2\/media?parent=992958"}],"curies":[{"name":"wp","href":"https:\/\/api.w.org\/{rel}","templated":true}]}}