{"id":992955,"date":"2024-04-16T11:18:05","date_gmt":"2024-04-16T08:18:05","guid":{"rendered":"https:\/\/fzk.com.tr\/kisisel-verilerin-korunmasi\/"},"modified":"2024-07-22T16:59:49","modified_gmt":"2024-07-22T13:59:49","slug":"personal-data-protection-policy","status":"publish","type":"page","link":"https:\/\/fzk.com.tr\/en\/personal-data-protection-policy\/","title":{"rendered":"Personal Data Protection Policy"},"content":{"rendered":"\t\t<div data-elementor-type=\"wp-page\" data-elementor-id=\"992955\" class=\"elementor elementor-992955 elementor-987943\" data-elementor-post-type=\"page\">\n\t\t\t\t\t\t<section class=\"elementor-section elementor-top-section elementor-element elementor-element-af70387 elementor-section-height-min-height elementor-section-items-stretch elementor-section-full_width elementor-section-height-default\" data-id=\"af70387\" data-element_type=\"section\" data-settings=\"{&quot;background_motion_fx_scale_effect&quot;:&quot;yes&quot;,&quot;background_motion_fx_scale_speed&quot;:{&quot;unit&quot;:&quot;px&quot;,&quot;size&quot;:2,&quot;sizes&quot;:[]},&quot;background_motion_fx_scale_range&quot;:{&quot;unit&quot;:&quot;%&quot;,&quot;size&quot;:&quot;&quot;,&quot;sizes&quot;:{&quot;start&quot;:31,&quot;end&quot;:100}},&quot;background_motion_fx_devices&quot;:[&quot;desktop&quot;],&quot;background_motion_fx_scale_direction&quot;:&quot;out-in&quot;}\">\n\t\t\t\t\t\t<div class=\"elementor-container elementor-column-gap-no\">\n\t\t\t\t\t<div class=\"elementor-column elementor-col-100 elementor-top-column elementor-element elementor-element-3d7cf5e\" data-id=\"3d7cf5e\" data-element_type=\"column\" data-settings=\"{&quot;background_motion_fx_devices&quot;:[&quot;desktop&quot;]}\">\n\t\t\t<div class=\"elementor-widget-wrap elementor-element-populated\">\n\t\t\t\t\t\t<section class=\"elementor-section elementor-inner-section elementor-element elementor-element-67ae49e elementor-section-boxed elementor-section-height-default elementor-section-height-default\" data-id=\"67ae49e\" data-element_type=\"section\" data-settings=\"{&quot;background_background&quot;:&quot;gradient&quot;}\">\n\t\t\t\t\t\t<div class=\"elementor-container elementor-column-gap-no\">\n\t\t\t\t\t<div class=\"elementor-column elementor-col-100 elementor-inner-column elementor-element elementor-element-1ada848\" data-id=\"1ada848\" data-element_type=\"column\">\n\t\t\t<div class=\"elementor-widget-wrap elementor-element-populated\">\n\t\t\t\t\t\t<div class=\"elementor-element elementor-element-a77f6ba elementor-widget elementor-widget-spacer\" data-id=\"a77f6ba\" data-element_type=\"widget\" data-widget_type=\"spacer.default\">\n\t\t\t\t<div class=\"elementor-widget-container\">\n\t\t\t\t\t\t\t<div class=\"elementor-spacer\">\n\t\t\t<div class=\"elementor-spacer-inner\"><\/div>\n\t\t<\/div>\n\t\t\t\t\t\t<\/div>\n\t\t\t\t<\/div>\n\t\t\t\t<div class=\"elementor-element elementor-element-1453a9b elementor-widget__width-initial elementor-invisible elementor-widget elementor-widget-heading\" data-id=\"1453a9b\" data-element_type=\"widget\" data-settings=\"{&quot;_animation&quot;:&quot;fadeIn&quot;,&quot;_animation_tablet&quot;:&quot;none&quot;,&quot;_animation_delay&quot;:300}\" data-widget_type=\"heading.default\">\n\t\t\t\t<div class=\"elementor-widget-container\">\n\t\t\t\t\t<h1 class=\"elementor-heading-title elementor-size-default\">Personal Data Protection Policy<\/h1>\t\t\t\t<\/div>\n\t\t\t\t<\/div>\n\t\t\t\t<div class=\"elementor-element elementor-element-ca87bef elementor-hidden-mobile elementor-widget elementor-widget-spacer\" data-id=\"ca87bef\" data-element_type=\"widget\" data-widget_type=\"spacer.default\">\n\t\t\t\t<div class=\"elementor-widget-container\">\n\t\t\t\t\t\t\t<div class=\"elementor-spacer\">\n\t\t\t<div class=\"elementor-spacer-inner\"><\/div>\n\t\t<\/div>\n\t\t\t\t\t\t<\/div>\n\t\t\t\t<\/div>\n\t\t\t\t\t<\/div>\n\t\t<\/div>\n\t\t\t\t\t<\/div>\n\t\t<\/section>\n\t\t\t\t\t<\/div>\n\t\t<\/div>\n\t\t\t\t\t<\/div>\n\t\t<\/section>\n\t\t\t\t<section class=\"elementor-section elementor-top-section elementor-element elementor-element-4d1eefd elementor-section-boxed elementor-section-height-default elementor-section-height-default\" data-id=\"4d1eefd\" data-element_type=\"section\">\n\t\t\t\t\t\t<div class=\"elementor-container elementor-column-gap-no\">\n\t\t\t\t\t<div class=\"elementor-column elementor-col-100 elementor-top-column elementor-element elementor-element-5a8a533\" data-id=\"5a8a533\" data-element_type=\"column\">\n\t\t\t<div class=\"elementor-widget-wrap elementor-element-populated\">\n\t\t\t\t\t\t<div class=\"elementor-element elementor-element-19a191d elementor-widget elementor-widget-heading\" data-id=\"19a191d\" data-element_type=\"widget\" data-widget_type=\"heading.default\">\n\t\t\t\t<div class=\"elementor-widget-container\">\n\t\t\t\t\t<h5 class=\"elementor-heading-title elementor-size-default\"><span style=\"font-size: 24px\">K\u0130\u015e\u0130SEL VER\u0130LER\u0130N KORUNMASI VE \u0130\u015eLENMES\u0130NE \u0130L\u0130\u015eK\u0130N AYDINLATMA METN\u0130<\/span><\/h5>\t\t\t\t<\/div>\n\t\t\t\t<\/div>\n\t\t\t\t<div class=\"elementor-element elementor-element-565689a elementor-widget elementor-widget-text-editor\" data-id=\"565689a\" data-element_type=\"widget\" data-widget_type=\"text-editor.default\">\n\t\t\t\t<div class=\"elementor-widget-container\">\n\t\t\t\t\t\t\t\t\t<p>6698 say\u0131l\u0131 Ki\u015fisel Verilerin Korunmas\u0131 Kanunu, 07.04.2016 tarih ve 29677 say\u0131l\u0131 Resmi Gazete&#8217; de yay\u0131nlanarak y\u00fcr\u00fcrl\u00fc\u011fe girmi\u015ftir. Uluslararas\u0131 belgeler, mukayeseli hukuk uygulamalar\u0131 ve \u00fclkemiz ihtiya\u00e7lar\u0131 g\u00f6z \u00f6n\u00fcne al\u0131nmak suretiyle haz\u0131rlanan Kanun ile ki\u015fisel verilerin \u00e7a\u011fda\u015f standartlarda i\u015flenmesi ve koruma alt\u0131na al\u0131nmas\u0131 ama\u00e7lanmaktad\u0131r. Bu kapsamda Kanunun amac\u0131; ki\u015fisel verilerin i\u015flenme \u015fartlar\u0131n\u0131, ki\u015fisel verilerin i\u015flenmesinde ki\u015filerin temel hak ve \u00f6zg\u00fcrl\u00fcklerinin korunmas\u0131n\u0131 ve ki\u015fisel verileri i\u015fleyen ger\u00e7ek ve t\u00fczel ki\u015filerin y\u00fck\u00fcml\u00fcl\u00fckleri ile uyacaklar\u0131 usul ve esaslar\u0131 d\u00fczenlemektir.<\/p><p>\u015eirketimiz, 6698 say\u0131l\u0131 Ki\u015fisel Verilerin Korunmas\u0131 Kanunu\u2019na uymakla y\u00fck\u00fcml\u00fcd\u00fcr ve faaliyet s\u00fcre\u00e7lerinde i\u015flenen t\u00fcm ki\u015fisel veriler bu kanun kapsam\u0131ndad\u0131r.<\/p><p>FZK M\u00dcHEND\u0130SL\u0130K A.\u015e. olarak, veri sorumlusu s\u0131fat\u0131yla hareket etmekte ve ki\u015fisel verilerin korunmas\u0131 hakk\u0131nda gerekli \u00f6nlemleri almaktay\u0131z.<\/p><h6><strong>1.Ki\u015fisel Verilerin Toplanma Y\u00f6ntemleri<\/strong><\/h6><p>Ki\u015fisel verileriniz, \u015eirketimiz taraf\u0131ndan verilen hizmet, \u00fcr\u00fcn ya da ticari faaliyete ba\u011fl\u0131 olarak de\u011fi\u015fkenlik g\u00f6sterebilmekle birlikte otomatik ya da otomatik olmayan y\u00f6ntemlerle, \u015eirketimizin ve \u00fcye i\u015f yerlerimizin ofisler, \u015fubeler, bayiler, \u00e7a\u011fr\u0131 merkezi, internet sitesi, sosyal medya mecralar\u0131, mobil uygulamalar ve benzeri vas\u0131talarla s\u00f6zl\u00fc, yaz\u0131l\u0131 ya da elektronik olarak toplanabilecektir.<\/p><p>\u00a0\u00a0\u00a0\u00a0\u00a0\u00a0\u00a0\u00a0\u00a0\u00a0\u00a0 \u015eirketimiz hizmetlerini kullanmak niyetiyle \u015firketimizi arad\u0131\u011f\u0131n\u0131zda, internet sitemizi ziyaret etti\u011finizde, \u015firketimizin d\u00fczenledi\u011fi e\u011fitim, seminer, organizasyon ve toplant\u0131lara kat\u0131ld\u0131\u011f\u0131n\u0131zda ki\u015fisel verileriniz i\u015flenebilecektir.<\/p><p>Web sitemizi ziyaret etti\u011finizde ve hizmetlerimizden faydaland\u0131\u011f\u0131n\u0131zda, \u00e7e\u015fitli y\u00f6ntemlerle ki\u015fisel verilerinizi toplayabiliriz:<\/p><ul><li>\u00c7erezler (Cookies): Web sitemizi ziyaret etti\u011finizde, kullan\u0131c\u0131 deneyiminizi iyile\u015ftirmek ve size daha iyi hizmet sunmak amac\u0131yla \u00e7erezler kullan\u0131r\u0131z. \u00c7erezler, internet taray\u0131c\u0131n\u0131z arac\u0131l\u0131\u011f\u0131yla bilgisayar\u0131n\u0131zda veya mobil cihaz\u0131n\u0131zda saklanan k\u00fc\u00e7\u00fck metin dosyalar\u0131d\u0131r ve IP adresiniz, taray\u0131c\u0131 t\u00fcr\u00fcn\u00fcz ve dil ayarlar\u0131n\u0131z gibi bilgileri toplayabilir. \u00c7erezler, web sitemizi ziyaret etti\u011finizde cihaz\u0131n\u0131z\u0131 tan\u0131mam\u0131za ve siteyi daha etkin kullanman\u0131za yard\u0131mc\u0131 olur.<\/li><li>\u0130leti\u015fim Formlar\u0131: Web sitemizdeki formlar arac\u0131l\u0131\u011f\u0131yla ad, soyad, e-posta adresi ve telefon numaras\u0131 gibi bilgilerinizi toplayabiliriz. Bu formlar, hizmet taleplerinizi kar\u015f\u0131lamak, sorular\u0131n\u0131za yan\u0131t vermek, i\u015f ba\u015fvurular\u0131n\u0131z\u0131 veya geri bildirimlerinizi de\u011ferlendirmek amac\u0131yla kullan\u0131labilir.<\/li><li>Analitik Ara\u00e7lar: Google Analytics gibi ara\u00e7larla site kullan\u0131m verilerini toplayarak analiz ederiz. Bu veriler, site trafi\u011fi, ziyaret\u00e7i davran\u0131\u015flar\u0131 ve site performans\u0131n\u0131 anlamam\u0131za yard\u0131mc\u0131 olur. Analitik veriler, kullan\u0131c\u0131lar\u0131n siteyi nas\u0131l kulland\u0131\u011f\u0131n\u0131 anlamak ve sitemizi geli\u015ftirmek i\u00e7in kullan\u0131l\u0131r.<\/li><\/ul><h6>2.<strong>Ki\u015fisel Verilerin \u0130\u015flenmesinde Genel \u0130lkeler<\/strong><\/h6><p>\u015eirketimiz, ki\u015fisel verilerin i\u015flenmesinde 6698 say\u0131l\u0131 Kanun\u2019un ortaya koymu\u015f oldu\u011fu genel ilkelere uygun davranmaktad\u0131r. Ki\u015fisel verilerin i\u015flenmesinde genel ilkelerimiz \u015fu \u015fekildedir;<\/p><p>1) Hukuka ve d\u00fcr\u00fcstl\u00fck kurallar\u0131na uygun olma,<\/p><p>2) Do\u011fru ve gerekti\u011finde g\u00fcncel olma,<\/p><p>3) Belirli, a\u00e7\u0131k ve me\u015fru ama\u00e7lar i\u00e7in i\u015flenme,<\/p><p>4) \u0130\u015flendikleri ama\u00e7la ba\u011flant\u0131l\u0131, s\u0131n\u0131rl\u0131 ve \u00f6l\u00e7\u00fcl\u00fc olma,<\/p><p>5) \u0130lgili mevzuatta \u00f6ng\u00f6r\u00fclen veya i\u015flendikleri ama\u00e7 i\u00e7in gerekli olan s\u00fcre kadar muhafaza etme.<\/p><h6>\u00a0<\/h6><h6><strong>3.Ki\u015fisel Verilerin \u0130\u015flenme Ama\u00e7lar\u0131<\/strong><\/h6><p>\u00a0<\/p><p>Ki\u015fisel verileriniz, her t\u00fcrl\u00fc s\u00f6zl\u00fc, yaz\u0131l\u0131 ya da elektronik ortamda, yukar\u0131da yer verilen ama\u00e7lar do\u011frultusunda \u015eirket\u00e7e sundu\u011fumuz \u00fcr\u00fcn ve hizmetlerin belirlenen yasal \u00e7er\u00e7evede sunulabilmesi ve bu kapsamda \u015eirketimizin s\u00f6zle\u015fme ve yasadan do\u011fan mesuliyetlerini eksiksiz ve do\u011fru bir \u015fekilde yerine getirebilmesi gayesi ile edinilir. Bu hukuki sebeple toplanan ki\u015fisel verileriniz KVK Kanunu\u2019nun 5. ve 6. maddelerinde belirtilen ki\u015fisel veri i\u015fleme \u015fartlar\u0131 ve ama\u00e7lar\u0131 kapsam\u0131nda bu metinde belirtilen ama\u00e7larla da i\u015flenebilmekte ve aktar\u0131labilmektedir.<\/p><p>Ki\u015fisel veriler, \u015firketimiz taraf\u0131ndan;<\/p><ul><li>Sunulan hizmetlerin iyile\u015ftirilmesi, yeni hizmetlerin geli\u015ftirilmesi ve bununla ilgili bilgilendirme yap\u0131lmas\u0131,<\/li><li>Ticari elektronik ileti onay\u0131 mevcut m\u00fc\u015fteriler ve aday m\u00fc\u015fteriler a\u00e7\u0131s\u0131ndan; kampanya ve hizmetlerin tan\u0131t\u0131m\u0131 ile pazarlamas\u0131n\u0131n yap\u0131lmas\u0131,<\/li><li>M\u00fc\u015fteri sorun ve \u015fik\u00e2yetlerinin \u00e7\u00f6z\u00fcmlenmesi,<\/li><li>Tedarik\u00e7i ili\u015fkilerinin y\u00f6netilmesi, tedarik\u00e7i de\u011ferlendirmeleri yap\u0131lmas\u0131 ve tedarik s\u00fcre\u00e7lerinin iyile\u015ftirilmesi,<\/li><li>\u0130statistiksel de\u011ferlendirmeler ve pazar ara\u015ft\u0131rmalar\u0131 yap\u0131lmas\u0131,<\/li><li>\u015eirketin ticari ve i\u015f stratejilerinin belirlenmesi ve uygulanmas\u0131,<\/li><li>\u00dcye i\u015f yerleri ve i\u015f ortaklar\u0131 ile ili\u015fkilerin y\u00f6netilmesi,<\/li><li>Muhasebe ve \u00f6deme i\u015flemlerinin takibi,<\/li><li>Hukuki s\u00fcre\u00e7ler ve mevzuata uyum,<\/li><li>\u0130dari ve adli makamlardan gelen bilgi taleplerinin cevapland\u0131r\u0131lmas\u0131,<\/li><li>\u015eirket i\u00e7i raporlama ve i\u015f geli\u015ftirme faaliyetlerinin planlanmas\u0131<\/li><li>Finansal kontrol ve raporlamalar\u0131n yap\u0131larak yasal bildirimlerin ger\u00e7ekle\u015ftirilmesi,<\/li><li>\u0130\u00e7 kontrol ve denetim faaliyetlerinin y\u00f6netilmesi,<\/li><li>Bilgi ve i\u015flem g\u00fcvenli\u011fi sa\u011flanmas\u0131 ve k\u00f6t\u00fc ama\u00e7l\u0131 kullan\u0131m\u0131n \u00f6nlenmesi,<\/li><li>\u00c7al\u0131\u015fan veya \u00e7al\u0131\u015fan aday\u0131 verilerinin i\u015flenmesi ve staj\/mesleki e\u011fitim\/burs\/e\u011fitim program\u0131 faaliyetlerinin y\u00fcr\u00fct\u00fclmesi,<\/li><li>\u0130\u015flenen verilerin g\u00fcncel ve do\u011fru olmas\u0131n\u0131n sa\u011flanmas\u0131 amac\u0131yla gerekli d\u00fczenlemelerin yap\u0131lmas\u0131 ve say\u0131lan t\u00fcm bu s\u00fcre\u00e7lere ili\u015fkin faaliyetleri ger\u00e7ekle\u015ftirmek amac\u0131yla kullan\u0131lmaktad\u0131r.<\/li><\/ul><p>\u00a0<\/p><h6><strong>4.Ki\u015fisel Verilerin Payla\u015f\u0131lmas\u0131<\/strong><\/h6><p>\u00a0<\/p><p>\u015eirketimiz ki\u015fisel verilerinizi, Kanun ve di\u011fer mevzuat h\u00fck\u00fcmlerinin izin verdi\u011fi ki\u015fi ve kuru\u015flar ile KVK Kanunu\u2019 nun 8. ve 9. Maddelerinde belirtilen ki\u015fisel veri i\u015fleme \u015fartlar\u0131 ve ama\u00e7lar\u0131 \u00e7er\u00e7evesinde ve a\u015fa\u011f\u0131daki durumlarda \u00fc\u00e7\u00fcnc\u00fc ki\u015filer ile payla\u015fabilir.<\/p><ul><li><strong>Hizmet Sa\u011flay\u0131c\u0131lar:<\/strong> Faaliyetlerimizi y\u00fcr\u00fctmek \u00fczere i\u015f birli\u011fi yapt\u0131\u011f\u0131m\u0131z hizmet sa\u011flay\u0131c\u0131larla. Bu hizmet sa\u011flay\u0131c\u0131lar, ki\u015fisel verilerinizi yaln\u0131zca bizim ad\u0131m\u0131za ve talimatlar\u0131m\u0131z do\u011frultusunda i\u015flemekle y\u00fck\u00fcml\u00fcd\u00fcr.<\/li><li><strong>Yasal Y\u00fck\u00fcml\u00fcl\u00fckler:<\/strong> Adli ve idari makamlar\u0131n talepleri do\u011frultusunda ki\u015fisel verilerinizi yetkili mercilere iletebiliriz. Bu, yasal d\u00fczenlemelere uymak ve hukuki s\u00fcre\u00e7leri yerine getirmek i\u00e7in gereklidir.<\/li><li><strong>Tedarik\u00e7iler:<\/strong> \u0130\u015f s\u00fcre\u00e7lerimizin gerektirdi\u011fi \u00f6l\u00e7\u00fcde, i\u015f birli\u011fi yapt\u0131\u011f\u0131m\u0131z tedarik\u00e7ilerle payla\u015f\u0131labilir. Tedarik\u00e7ilerimiz, ki\u015fisel verilerin korunmas\u0131na ili\u015fkin yasal y\u00fck\u00fcml\u00fcl\u00fcklere ve \u015firket politikalar\u0131m\u0131za uygun hareket etmekle y\u00fck\u00fcml\u00fcd\u00fcr.<\/li><li><strong>\u0130\u015f Ortaklar\u0131:<\/strong> M\u00fc\u015fterilerimize daha iyi hizmet sunmak amac\u0131yla i\u015f ortaklar\u0131m\u0131zla veri payla\u015fabiliriz. Bu i\u015f ortaklar\u0131, ki\u015fisel verilerinizi yaln\u0131zca belirli hizmetlerin sa\u011flanmas\u0131 amac\u0131yla kullanacakt\u0131r.<\/li><\/ul><p>\u015eirketimizin ger\u00e7ekle\u015ftirdi\u011fi i\u015flemlere ili\u015fkin kay\u0131t ve belgelerin yasal d\u00fczenlemeler kapsam\u0131nda belirli bir s\u00fcre saklanmas\u0131 s\u00f6z konusu olup ki\u015fisel verilerinizin silinmesini istemeniz halinde bu talebiniz, yasal d\u00fczenlemeler ile belirlenen s\u00fcre sonuna kadar yerine getirilebilecek, bu s\u00fcre\u00e7 i\u00e7erisinde ki\u015fisel verileriniz yasal d\u00fczenlemelerden kaynakl\u0131 zorunluluklar haricinde i\u015flenmeyecek ve \u00fc\u00e7\u00fcnc\u00fc ki\u015filer ile payla\u015f\u0131lmayacakt\u0131r.\u00a0<\/p><p>\u00a0<\/p><h6><strong>5.Ki\u015fisel Verilerin Korunmas\u0131<\/strong><\/h6><p>\u00a0<\/p><p>Ki\u015fisel verilerinizin g\u00fcvenli\u011fini sa\u011flamak i\u00e7in gerekli t\u00fcm teknik ve idari \u00f6nlemleri al\u0131yoruz.<\/p><p>Ki\u015fisel verileriniz, sadece belirli ve me\u015fru ama\u00e7lar i\u00e7in i\u015flenir ve bu ama\u00e7lar d\u0131\u015f\u0131nda kullan\u0131lmaz. Verilerinizin yetkisiz eri\u015fim, kay\u0131p, yanl\u0131\u015f kullan\u0131m veya if\u015fa edilmesini \u00f6nlemek amac\u0131yla \u00e7e\u015fitli g\u00fcvenlik tedbirleri uyguluyoruz.<\/p><p>\u00a0<\/p><h6><strong>6.Ki\u015fisel Veri Sahibinin Haklar\u0131<\/strong><\/h6><p>\u00a0<\/p><p>Ki\u015fisel veri sahipleri olarak, haklar\u0131n\u0131za ili\u015fkin taleplerinizi, i\u015fbu Ayd\u0131nlatma Metni\u2019nde a\u015fa\u011f\u0131da d\u00fczenlenen y\u00f6ntemlerle \u015eirketimize iletmeniz durumunda \u015eirketimiz talebin niteli\u011fine g\u00f6re talebi en ge\u00e7 otuz g\u00fcn i\u00e7inde herhangi bir \u00fccret olmaks\u0131z\u0131n sonu\u00e7land\u0131racakt\u0131r. Ancak, Ki\u015fisel Verileri Koruma Kurulunca bir \u00fccret \u00f6ng\u00f6r\u00fclmesi halinde, \u015eirketimiz taraf\u0131ndan belirlenen tarifedeki \u00fccret al\u0131nacakt\u0131r. Bu kapsamda ki\u015fisel veri sahipleri;<\/p><ul><li>Ki\u015fisel veri i\u015flenip i\u015flenmedi\u011fini \u00f6\u011frenme,<\/li><li>Ki\u015fisel verileri i\u015flenmi\u015fse buna ili\u015fkin bilgi talep etme,<\/li><li>Ki\u015fisel verilerin i\u015flenme amac\u0131n\u0131 ve bunlar\u0131n amac\u0131na uygun kullan\u0131l\u0131p kullan\u0131lmad\u0131\u011f\u0131n\u0131 \u00f6\u011frenme,<\/li><li>Ki\u015fisel verilerin aktar\u0131ld\u0131\u011f\u0131 \u00fc\u00e7\u00fcnc\u00fc ki\u015fileri bilme,<\/li><li>Ki\u015fisel verilerin eksik veya yanl\u0131\u015f i\u015flenmi\u015f olmas\u0131 h\u00e2linde bunlar\u0131n d\u00fczeltilmesini isteme ve bu kapsamda yap\u0131lan i\u015flemin ki\u015fisel verilerin aktar\u0131ld\u0131\u011f\u0131 \u00fc\u00e7\u00fcnc\u00fc ki\u015filere bildirilmesini isteme,<\/li><li>KVK Kanunu\u2019nun ve ilgili di\u011fer kanun h\u00fck\u00fcmlerine uygun olarak i\u015flenmi\u015f olmas\u0131na ra\u011fmen, i\u015flenmesini gerektiren sebeplerin ortadan kalkmas\u0131 h\u00e2linde ki\u015fisel verilerin silinmesini veya yok edilmesini isteme ve bu kapsamda yap\u0131lan i\u015flemin ki\u015fisel verilerin aktar\u0131ld\u0131\u011f\u0131 \u00fc\u00e7\u00fcnc\u00fc ki\u015filere bildirilmesini isteme,<\/li><li>\u0130\u015flenen verilerin m\u00fcnhas\u0131ran otomatik sistemler vas\u0131tas\u0131yla analiz edilmesi suretiyle ki\u015finin kendisi aleyhine bir sonucun ortaya \u00e7\u0131kmas\u0131na itiraz etme,<\/li><li>Ki\u015fisel verilerin kanuna ayk\u0131r\u0131 olarak i\u015flenmesi sebebiyle zarara u\u011framas\u0131 h\u00e2linde zarar\u0131n giderilmesini talep etme haklar\u0131na sahiptir.<\/li><\/ul><p>KVK Kanunu\u2019nun 13. maddesinin 1. f\u0131kras\u0131 gere\u011fince, yukar\u0131da belirtilen haklar\u0131n\u0131z\u0131 kullanmak ile ilgili talebinizi, yaz\u0131l\u0131 veya Ki\u015fisel Verileri Koruma Kurulu\u2019nun belirledi\u011fi di\u011fer y\u00f6ntemlerle \u015eirketimize iletebilirsiniz. Ki\u015fisel Verileri Koruma Kurulu, \u015fu a\u015famada herhangi bir y\u00f6ntem belirlemedi\u011fi i\u00e7in ba\u015fvurunuzu KVK Kanunu gere\u011fince, yaz\u0131l\u0131 olarak \u015eirketimize iletmeniz gerekmektedir. Bu \u00e7er\u00e7evede \u015eirketimize KVK Kanunu\u2019nun 11. maddesi kapsam\u0131nda yapaca\u011f\u0131n\u0131z ba\u015fvurularda yaz\u0131l\u0131 olarak ba\u015fvurunuzu iletece\u011finiz kanallar ve usuller a\u015fa\u011f\u0131da a\u00e7\u0131klanmaktad\u0131r.<\/p><p>Yukar\u0131da belirtilen haklar\u0131n\u0131z\u0131 kullanmak i\u00e7in\u00a0kimli\u011finizi tespit edici gerekli bilgiler ve talep olunan di\u011fer bilgiler ile\u00a0KVK Kanunu\u2019nun 11. maddesinde belirtilen haklardan kullanmay\u0131 talep etti\u011finiz hakk\u0131n\u0131za y\u00f6nelik a\u00e7\u0131klamalar\u0131n\u0131z\u0131 i\u00e7eren talebinizi form doldurarak, formun imzal\u0131 bir n\u00fcshas\u0131n\u0131 <em>\u201c<\/em><em>CUMHUR\u0130YET MAHALLES\u0130 G\u00dcNEY YANYOL CAD. NO: 26 GEBZE\/KOCAEL\u0130<\/em><em>\u201d <\/em>adresine kimli\u011finizi tespit edici belgeler ile bizzat elden iletebilir, iadeli taahh\u00fctl\u00fc posta ile iletebilir, noter kanal\u0131yla veya KVK Kanunu\u2019nda belirtilen di\u011fer y\u00f6ntemler ile g\u00f6nderebilir veya ilgili formu\u00a0\u201c<em>fzk@fzk.com.tr<\/em><em>\u201d<\/em> adresine g\u00fcvenli elektronik imzal\u0131 olarak iletebilirsiniz.\u00a0<\/p>\t\t\t\t\t\t\t\t<\/div>\n\t\t\t\t<\/div>\n\t\t\t\t\t<\/div>\n\t\t<\/div>\n\t\t\t\t\t<\/div>\n\t\t<\/section>\n\t\t\t\t<\/div>\n\t\t","protected":false},"excerpt":{"rendered":"<p>K\u0130\u015e\u0130SEL VER\u0130LER\u0130N KORUNMASI VE \u0130\u015eLENMES\u0130NE \u0130L\u0130\u015eK\u0130N AYDINLATMA METN\u0130 6698 say\u0131l\u0131 Ki\u015fisel Verilerin Korunmas\u0131 Kanunu, 07.04.2016 tarih ve 29677 say\u0131l\u0131 Resmi Gazete&#8217; de yay\u0131nlanarak y\u00fcr\u00fcrl\u00fc\u011fe girmi\u015ftir. Uluslararas\u0131 belgeler, mukayeseli hukuk uygulamalar\u0131 ve \u00fclkemiz ihtiya\u00e7lar\u0131 g\u00f6z \u00f6n\u00fcne al\u0131nmak suretiyle haz\u0131rlanan Kanun ile ki\u015fisel verilerin \u00e7a\u011fda\u015f standartlarda i\u015flenmesi ve koruma alt\u0131na al\u0131nmas\u0131 ama\u00e7lanmaktad\u0131r. Bu kapsamda Kanunun amac\u0131; ki\u015fisel&#8230;<\/p>\n","protected":false},"author":2,"featured_media":0,"parent":0,"menu_order":0,"comment_status":"closed","ping_status":"closed","template":"elementor_header_footer","meta":{"footnotes":""},"class_list":["post-992955","page","type-page","status-publish","hentry"],"_links":{"self":[{"href":"https:\/\/fzk.com.tr\/en\/wp-json\/wp\/v2\/pages\/992955","targetHints":{"allow":["GET"]}}],"collection":[{"href":"https:\/\/fzk.com.tr\/en\/wp-json\/wp\/v2\/pages"}],"about":[{"href":"https:\/\/fzk.com.tr\/en\/wp-json\/wp\/v2\/types\/page"}],"author":[{"embeddable":true,"href":"https:\/\/fzk.com.tr\/en\/wp-json\/wp\/v2\/users\/2"}],"replies":[{"embeddable":true,"href":"https:\/\/fzk.com.tr\/en\/wp-json\/wp\/v2\/comments?post=992955"}],"version-history":[{"count":2,"href":"https:\/\/fzk.com.tr\/en\/wp-json\/wp\/v2\/pages\/992955\/revisions"}],"predecessor-version":[{"id":993107,"href":"https:\/\/fzk.com.tr\/en\/wp-json\/wp\/v2\/pages\/992955\/revisions\/993107"}],"wp:attachment":[{"href":"https:\/\/fzk.com.tr\/en\/wp-json\/wp\/v2\/media?parent=992955"}],"curies":[{"name":"wp","href":"https:\/\/api.w.org\/{rel}","templated":true}]}}