{"id":992951,"date":"2024-04-16T15:43:18","date_gmt":"2024-04-16T12:43:18","guid":{"rendered":"https:\/\/fzk.com.tr\/iletisim\/"},"modified":"2024-07-23T11:31:47","modified_gmt":"2024-07-23T08:31:47","slug":"contact","status":"publish","type":"page","link":"https:\/\/fzk.com.tr\/en\/contact\/","title":{"rendered":"CONTACT"},"content":{"rendered":"\t\t<div data-elementor-type=\"wp-page\" data-elementor-id=\"992951\" class=\"elementor elementor-992951 elementor-988101\" data-elementor-post-type=\"page\">\n\t\t\t\t<div class=\"elementor-element elementor-element-fa8e004 e-flex e-con-boxed e-con e-parent\" data-id=\"fa8e004\" data-element_type=\"container\">\n\t\t\t\t\t<div class=\"e-con-inner\">\n\t\t<div class=\"elementor-element elementor-element-6fc7d67 e-con-full e-flex e-con e-child\" data-id=\"6fc7d67\" data-element_type=\"container\">\n\t\t\t\t<div class=\"elementor-element elementor-element-57d88c6 elementor-widget elementor-widget-heading\" data-id=\"57d88c6\" data-element_type=\"widget\" data-widget_type=\"heading.default\">\n\t\t\t\t<div class=\"elementor-widget-container\">\n\t\t\t\t\t<h5 class=\"elementor-heading-title elementor-size-default\">CONTACT<\/h5>\t\t\t\t<\/div>\n\t\t\t\t<\/div>\n\t\t\t\t<div class=\"elementor-element elementor-element-e5bb6ae elementor-widget elementor-widget-text-editor\" data-id=\"e5bb6ae\" data-element_type=\"widget\" data-widget_type=\"text-editor.default\">\n\t\t\t\t<div class=\"elementor-widget-container\">\n\t\t\t\t\t\t\t\t\t<p><a href=\"tel:02626535454\"><strong>+90 (262)<\/strong> 653 54 54<\/a><\/p><p><strong><a href=\"mailto:fzk@fzk.com.tr\">fzk@fzk.com.tr<\/a>\u00a0<\/strong><\/p>\t\t\t\t\t\t\t\t<\/div>\n\t\t\t\t<\/div>\n\t\t\t\t<\/div>\n\t\t<div class=\"elementor-element elementor-element-067db2b e-con-full e-flex e-con e-child\" data-id=\"067db2b\" data-element_type=\"container\">\n\t\t\t\t<div class=\"elementor-element elementor-element-222fa70 elementor-widget elementor-widget-heading\" data-id=\"222fa70\" data-element_type=\"widget\" data-widget_type=\"heading.default\">\n\t\t\t\t<div class=\"elementor-widget-container\">\n\t\t\t\t\t<h5 class=\"elementor-heading-title elementor-size-default\">ADDRESS<\/h5>\t\t\t\t<\/div>\n\t\t\t\t<\/div>\n\t\t\t\t<div class=\"elementor-element elementor-element-0ed9913 elementor-widget elementor-widget-text-editor\" data-id=\"0ed9913\" data-element_type=\"widget\" data-widget_type=\"text-editor.default\">\n\t\t\t\t<div class=\"elementor-widget-container\">\n\t\t\t\t\t\t\t\t\t<p>Cumhuriyet Mah. G\u00fcney Yanyol Cad. No:26<\/p><p><strong>Gebze\/Kocaeli<\/strong><\/p>\t\t\t\t\t\t\t\t<\/div>\n\t\t\t\t<\/div>\n\t\t\t\t<\/div>\n\t\t<div class=\"elementor-element elementor-element-1056f81 e-con-full e-flex e-con e-child\" data-id=\"1056f81\" data-element_type=\"container\">\n\t\t\t\t<div class=\"elementor-element elementor-element-8e7d63f elementor-widget elementor-widget-google_maps\" data-id=\"8e7d63f\" data-element_type=\"widget\" data-widget_type=\"google_maps.default\">\n\t\t\t\t<div class=\"elementor-widget-container\">\n\t\t\t\t\t\t\t<div class=\"elementor-custom-embed\">\n\t\t\t<iframe loading=\"lazy\"\n\t\t\t\t\tsrc=\"https:\/\/maps.google.com\/maps?q=Cumhuriyet%20Mah.%20G%C3%BCney%20Yanyol%2026%20Gebze%2FKocaeli&#038;t=m&#038;z=14&#038;output=embed&#038;iwloc=near\"\n\t\t\t\t\ttitle=\"Cumhuriyet Mah. G\u00fcney Yanyol 26 Gebze\/Kocaeli\"\n\t\t\t\t\taria-label=\"Cumhuriyet Mah. G\u00fcney Yanyol 26 Gebze\/Kocaeli\"\n\t\t\t><\/iframe>\n\t\t<\/div>\n\t\t\t\t\t\t<\/div>\n\t\t\t\t<\/div>\n\t\t\t\t<\/div>\n\t\t\t\t\t<\/div>\n\t\t\t\t<\/div>\n\t\t\t\t<section class=\"elementor-section elementor-top-section elementor-element elementor-element-49fe797 elementor-section-boxed elementor-section-height-default elementor-section-height-default\" data-id=\"49fe797\" data-element_type=\"section\">\n\t\t\t\t\t\t<div class=\"elementor-container elementor-column-gap-no\">\n\t\t\t\t\t<div class=\"elementor-column elementor-col-100 elementor-top-column elementor-element elementor-element-a6295aa\" data-id=\"a6295aa\" data-element_type=\"column\">\n\t\t\t<div class=\"elementor-widget-wrap elementor-element-populated\">\n\t\t\t\t\t\t<div class=\"elementor-element elementor-element-c7840a4 elementor-widget elementor-widget-heading\" data-id=\"c7840a4\" data-element_type=\"widget\" data-widget_type=\"heading.default\">\n\t\t\t\t<div class=\"elementor-widget-container\">\n\t\t\t\t\t<h3 class=\"elementor-heading-title elementor-size-default\">WRITE TO US<\/h3>\t\t\t\t<\/div>\n\t\t\t\t<\/div>\n\t\t\t\t\t<\/div>\n\t\t<\/div>\n\t\t\t\t\t<\/div>\n\t\t<\/section>\n\t\t\t\t<section class=\"elementor-section elementor-top-section elementor-element elementor-element-463f3ba elementor-section-boxed elementor-section-height-default elementor-section-height-default\" data-id=\"463f3ba\" data-element_type=\"section\">\n\t\t\t\t\t\t<div class=\"elementor-container elementor-column-gap-no\">\n\t\t\t\t\t<div class=\"elementor-column elementor-col-100 elementor-top-column elementor-element elementor-element-64600eb\" data-id=\"64600eb\" data-element_type=\"column\">\n\t\t\t<div class=\"elementor-widget-wrap elementor-element-populated\">\n\t\t\t\t\t\t<div class=\"vamtam-has-theme-widget-styles elementor-element elementor-element-cf6c9c3 elementor-button-align-start vamtam-has-btn-bg-hover-anim elementor-widget elementor-widget-form\" data-id=\"cf6c9c3\" data-element_type=\"widget\" data-settings=\"{&quot;step_next_label&quot;:&quot;Next&quot;,&quot;step_previous_label&quot;:&quot;Previous&quot;,&quot;button_width&quot;:&quot;100&quot;,&quot;step_type&quot;:&quot;number_text&quot;,&quot;step_icon_shape&quot;:&quot;circle&quot;}\" data-widget_type=\"form.default\">\n\t\t\t\t<div class=\"elementor-widget-container\">\n\t\t\t\t\t\t\t<form class=\"elementor-form\" method=\"post\" name=\"Contact From\" aria-label=\"Contact From\">\n\t\t\t<input type=\"hidden\" name=\"post_id\" value=\"992951\"\/>\n\t\t\t<input type=\"hidden\" name=\"form_id\" value=\"cf6c9c3\"\/>\n\t\t\t<input type=\"hidden\" name=\"referer_title\" value=\"CONTACT | FZK M\u00fchendislik ve S\u0131nai Yat\u0131r\u0131mlar A.\u015e.\" \/>\n\n\t\t\t\t\t\t\t<input type=\"hidden\" name=\"queried_id\" value=\"992951\"\/>\n\t\t\t\n\t\t\t<div class=\"elementor-form-fields-wrapper elementor-labels-above\">\n\t\t\t\t\t\t\t\t<div class=\"elementor-field-type-text elementor-field-group elementor-column elementor-field-group-field_6abbb17 elementor-col-50 elementor-field-required\">\n\t\t\t\t\t\t\t\t\t\t\t\t<label for=\"form-field-field_6abbb17\" class=\"elementor-field-label\">\n\t\t\t\t\t\t\t\tName\t\t\t\t\t\t\t<\/label>\n\t\t\t\t\t\t\t\t\t\t\t\t\t\t<input size=\"1\" type=\"text\" name=\"form_fields[field_6abbb17]\" id=\"form-field-field_6abbb17\" class=\"elementor-field elementor-size-md  elementor-field-textual\" required=\"required\">\n\t\t\t\t\t\t\t\t\t\t\t<\/div>\n\t\t\t\t\t\t\t\t<div class=\"elementor-field-type-text elementor-field-group elementor-column elementor-field-group-contact_page_form_last_name elementor-col-50 elementor-field-required\">\n\t\t\t\t\t\t\t\t\t\t\t\t<label for=\"form-field-contact_page_form_last_name\" class=\"elementor-field-label\">\n\t\t\t\t\t\t\t\tSurname\t\t\t\t\t\t\t<\/label>\n\t\t\t\t\t\t\t\t\t\t\t\t\t\t<input size=\"1\" type=\"text\" name=\"form_fields[contact_page_form_last_name]\" id=\"form-field-contact_page_form_last_name\" class=\"elementor-field elementor-size-md  elementor-field-textual\" required=\"required\">\n\t\t\t\t\t\t\t\t\t\t\t<\/div>\n\t\t\t\t\t\t\t\t<div class=\"elementor-field-type-email elementor-field-group elementor-column elementor-field-group-contact_page_form_email elementor-col-50\">\n\t\t\t\t\t\t\t\t\t\t\t\t<label for=\"form-field-contact_page_form_email\" class=\"elementor-field-label\">\n\t\t\t\t\t\t\t\tE-Mail\t\t\t\t\t\t\t<\/label>\n\t\t\t\t\t\t\t\t\t\t\t\t\t\t<input size=\"1\" type=\"email\" name=\"form_fields[contact_page_form_email]\" id=\"form-field-contact_page_form_email\" class=\"elementor-field elementor-size-md  elementor-field-textual\">\n\t\t\t\t\t\t\t\t\t\t\t<\/div>\n\t\t\t\t\t\t\t\t<div class=\"elementor-field-type-tel elementor-field-group elementor-column elementor-field-group-contact_page_form_tel elementor-col-50 elementor-field-required\">\n\t\t\t\t\t\t\t\t\t\t\t\t<label for=\"form-field-contact_page_form_tel\" class=\"elementor-field-label\">\n\t\t\t\t\t\t\t\tPhone Number\t\t\t\t\t\t\t<\/label>\n\t\t\t\t\t\t\t\t<input size=\"1\" type=\"tel\" name=\"form_fields[contact_page_form_tel]\" id=\"form-field-contact_page_form_tel\" class=\"elementor-field elementor-size-md  elementor-field-textual\" required=\"required\" pattern=\"[0-9()#&amp;+*-=.]+\" title=\"Only numbers and phone characters (#, -, *, etc) are accepted.\">\n\n\t\t\t\t\t\t<\/div>\n\t\t\t\t\t\t\t\t<div class=\"elementor-field-type-text elementor-field-group elementor-column elementor-field-group-contact_page_form_compamy_address elementor-col-100 elementor-field-required\">\n\t\t\t\t\t\t\t\t\t\t\t\t<label for=\"form-field-contact_page_form_compamy_address\" class=\"elementor-field-label\">\n\t\t\t\t\t\t\t\tSubject\t\t\t\t\t\t\t<\/label>\n\t\t\t\t\t\t\t\t\t\t\t\t\t\t<input size=\"1\" type=\"text\" name=\"form_fields[contact_page_form_compamy_address]\" id=\"form-field-contact_page_form_compamy_address\" class=\"elementor-field elementor-size-md  elementor-field-textual\" required=\"required\">\n\t\t\t\t\t\t\t\t\t\t\t<\/div>\n\t\t\t\t\t\t\t\t<div class=\"elementor-field-type-textarea elementor-field-group elementor-column elementor-field-group-field_684e31d elementor-col-100\">\n\t\t\t\t\t\t\t\t\t\t\t\t<label for=\"form-field-field_684e31d\" class=\"elementor-field-label\">\n\t\t\t\t\t\t\t\tMessage\t\t\t\t\t\t\t<\/label>\n\t\t\t\t\t\t<textarea class=\"elementor-field-textual elementor-field  elementor-size-md\" name=\"form_fields[field_684e31d]\" id=\"form-field-field_684e31d\" rows=\"3\"><\/textarea>\t\t\t\t<\/div>\n\t\t\t\t\t\t\t\t<div class=\"elementor-field-group elementor-column elementor-field-type-submit elementor-col-100 e-form__buttons\">\n\t\t\t\t\t<button class=\"elementor-button elementor-size-sm\" type=\"submit\">\n\t\t\t\t\t\t<span class=\"elementor-button-content-wrapper\">\n\t\t\t\t\t\t\t\t\t\t\t\t\t\t\t<span class=\"elementor-button-icon\">\n\t\t\t\t\t\t\t\t\t<i aria-hidden=\"true\" class=\"vamtamtheme- vamtam-theme-arrow-right\"><\/i>\t\t\t\t\t\t\t\t\t\t\t\t\t\t\t\t\t<\/span>\n\t\t\t\t\t\t\t\t\t\t\t\t\t\t\t\t\t\t\t\t\t\t<span class=\"elementor-button-text\">Send<\/span>\n\t\t\t\t\t\t\t\t\t\t\t\t\t<\/span>\n\t\t\t\t\t<\/button>\n\t\t\t\t<\/div>\n\t\t\t<\/div>\n\t\t<\/form>\n\t\t\t\t\t\t<\/div>\n\t\t\t\t<\/div>\n\t\t\t\t<div class=\"elementor-element elementor-element-61d6de2 elementor-widget elementor-widget-spacer\" data-id=\"61d6de2\" data-element_type=\"widget\" data-widget_type=\"spacer.default\">\n\t\t\t\t<div class=\"elementor-widget-container\">\n\t\t\t\t\t\t\t<div class=\"elementor-spacer\">\n\t\t\t<div class=\"elementor-spacer-inner\"><\/div>\n\t\t<\/div>\n\t\t\t\t\t\t<\/div>\n\t\t\t\t<\/div>\n\t\t\t\t\t<\/div>\n\t\t<\/div>\n\t\t\t\t\t<\/div>\n\t\t<\/section>\n\t\t\t\t<\/div>\n\t\t","protected":false},"excerpt":{"rendered":"<p>Ready to Meet Your Steel Partner?<\/p>\n","protected":false},"author":2,"featured_media":992489,"parent":0,"menu_order":0,"comment_status":"closed","ping_status":"closed","template":"","meta":{"footnotes":""},"class_list":["post-992951","page","type-page","status-publish","has-post-thumbnail","hentry"],"_links":{"self":[{"href":"https:\/\/fzk.com.tr\/en\/wp-json\/wp\/v2\/pages\/992951","targetHints":{"allow":["GET"]}}],"collection":[{"href":"https:\/\/fzk.com.tr\/en\/wp-json\/wp\/v2\/pages"}],"about":[{"href":"https:\/\/fzk.com.tr\/en\/wp-json\/wp\/v2\/types\/page"}],"author":[{"embeddable":true,"href":"https:\/\/fzk.com.tr\/en\/wp-json\/wp\/v2\/users\/2"}],"replies":[{"embeddable":true,"href":"https:\/\/fzk.com.tr\/en\/wp-json\/wp\/v2\/comments?post=992951"}],"version-history":[{"count":8,"href":"https:\/\/fzk.com.tr\/en\/wp-json\/wp\/v2\/pages\/992951\/revisions"}],"predecessor-version":[{"id":993511,"href":"https:\/\/fzk.com.tr\/en\/wp-json\/wp\/v2\/pages\/992951\/revisions\/993511"}],"wp:featuredmedia":[{"embeddable":true,"href":"https:\/\/fzk.com.tr\/en\/wp-json\/wp\/v2\/media\/992489"}],"wp:attachment":[{"href":"https:\/\/fzk.com.tr\/en\/wp-json\/wp\/v2\/media?parent=992951"}],"curies":[{"name":"wp","href":"https:\/\/api.w.org\/{rel}","templated":true}]}}