{"id":992936,"date":"2024-05-02T17:03:16","date_gmt":"2024-05-02T14:03:16","guid":{"rendered":"https:\/\/fzk.com.tr\/gizlilik-politikasi\/"},"modified":"2024-07-22T17:00:07","modified_gmt":"2024-07-22T14:00:07","slug":"privacy-policy","status":"publish","type":"page","link":"https:\/\/fzk.com.tr\/en\/privacy-policy\/","title":{"rendered":"Privacy Policy"},"content":{"rendered":"\t\t<div data-elementor-type=\"wp-page\" data-elementor-id=\"992936\" class=\"elementor elementor-992936 elementor-989450\" data-elementor-post-type=\"page\">\n\t\t\t\t\t\t<section class=\"elementor-section elementor-top-section elementor-element elementor-element-af70387 elementor-section-height-min-height elementor-section-items-stretch elementor-section-full_width elementor-section-height-default\" data-id=\"af70387\" data-element_type=\"section\" data-settings=\"{&quot;background_motion_fx_scale_effect&quot;:&quot;yes&quot;,&quot;background_motion_fx_scale_speed&quot;:{&quot;unit&quot;:&quot;px&quot;,&quot;size&quot;:2,&quot;sizes&quot;:[]},&quot;background_motion_fx_scale_range&quot;:{&quot;unit&quot;:&quot;%&quot;,&quot;size&quot;:&quot;&quot;,&quot;sizes&quot;:{&quot;start&quot;:31,&quot;end&quot;:100}},&quot;background_motion_fx_devices&quot;:[&quot;desktop&quot;],&quot;background_motion_fx_scale_direction&quot;:&quot;out-in&quot;}\">\n\t\t\t\t\t\t<div class=\"elementor-container elementor-column-gap-no\">\n\t\t\t\t\t<div class=\"elementor-column elementor-col-100 elementor-top-column elementor-element elementor-element-3d7cf5e\" data-id=\"3d7cf5e\" data-element_type=\"column\" data-settings=\"{&quot;background_motion_fx_devices&quot;:[&quot;desktop&quot;]}\">\n\t\t\t<div class=\"elementor-widget-wrap elementor-element-populated\">\n\t\t\t\t\t\t<section class=\"elementor-section elementor-inner-section elementor-element elementor-element-67ae49e elementor-section-boxed elementor-section-height-default elementor-section-height-default\" data-id=\"67ae49e\" data-element_type=\"section\" data-settings=\"{&quot;background_background&quot;:&quot;gradient&quot;}\">\n\t\t\t\t\t\t<div class=\"elementor-container elementor-column-gap-no\">\n\t\t\t\t\t<div class=\"elementor-column elementor-col-100 elementor-inner-column elementor-element elementor-element-1ada848\" data-id=\"1ada848\" data-element_type=\"column\">\n\t\t\t<div class=\"elementor-widget-wrap elementor-element-populated\">\n\t\t\t\t\t\t<div class=\"elementor-element elementor-element-a77f6ba elementor-widget elementor-widget-spacer\" data-id=\"a77f6ba\" data-element_type=\"widget\" data-widget_type=\"spacer.default\">\n\t\t\t\t<div class=\"elementor-widget-container\">\n\t\t\t\t\t\t\t<div class=\"elementor-spacer\">\n\t\t\t<div class=\"elementor-spacer-inner\"><\/div>\n\t\t<\/div>\n\t\t\t\t\t\t<\/div>\n\t\t\t\t<\/div>\n\t\t\t\t<div class=\"elementor-element elementor-element-1453a9b elementor-widget__width-initial elementor-invisible elementor-widget elementor-widget-heading\" data-id=\"1453a9b\" data-element_type=\"widget\" data-settings=\"{&quot;_animation&quot;:&quot;fadeIn&quot;,&quot;_animation_tablet&quot;:&quot;none&quot;,&quot;_animation_delay&quot;:300}\" data-widget_type=\"heading.default\">\n\t\t\t\t<div class=\"elementor-widget-container\">\n\t\t\t\t\t<h1 class=\"elementor-heading-title elementor-size-default\">Privacy Policy<\/h1>\t\t\t\t<\/div>\n\t\t\t\t<\/div>\n\t\t\t\t<div class=\"elementor-element elementor-element-ca87bef elementor-hidden-mobile elementor-widget elementor-widget-spacer\" data-id=\"ca87bef\" data-element_type=\"widget\" data-widget_type=\"spacer.default\">\n\t\t\t\t<div class=\"elementor-widget-container\">\n\t\t\t\t\t\t\t<div class=\"elementor-spacer\">\n\t\t\t<div class=\"elementor-spacer-inner\"><\/div>\n\t\t<\/div>\n\t\t\t\t\t\t<\/div>\n\t\t\t\t<\/div>\n\t\t\t\t\t<\/div>\n\t\t<\/div>\n\t\t\t\t\t<\/div>\n\t\t<\/section>\n\t\t\t\t\t<\/div>\n\t\t<\/div>\n\t\t\t\t\t<\/div>\n\t\t<\/section>\n\t\t\t\t<section class=\"elementor-section elementor-top-section elementor-element elementor-element-4cc33ce elementor-section-boxed elementor-section-height-default elementor-section-height-default\" data-id=\"4cc33ce\" data-element_type=\"section\">\n\t\t\t\t\t\t<div class=\"elementor-container elementor-column-gap-no\">\n\t\t\t\t\t<div class=\"elementor-column elementor-col-100 elementor-top-column elementor-element elementor-element-0725ec0\" data-id=\"0725ec0\" data-element_type=\"column\">\n\t\t\t<div class=\"elementor-widget-wrap elementor-element-populated\">\n\t\t\t\t\t\t<div class=\"elementor-element elementor-element-b33dac8 elementor-widget elementor-widget-text-editor\" data-id=\"b33dac8\" data-element_type=\"widget\" data-widget_type=\"text-editor.default\">\n\t\t\t\t<div class=\"elementor-widget-container\">\n\t\t\t\t\t\t\t\t\t<p>\u00a0<\/p><p>Fzk M\u00fchendislik \u015eirketi (\u201c<strong>\u015eirket<\/strong>\u201d) taraf\u0131ndan i\u015fletilen <a href=\"http:\/\/www.fzk.com.tr\">www.fzk.com.tr<\/a> internet sitesini ziyaret edenlerin (\u201c<strong>Veri Sahibi<\/strong>\u201d) gizlili\u011fini korumak \u015eirketimizin \u00f6nde gelen ilkelerindendir. \u0130nternet Sitesi Gizlilik Politikas\u0131 (\u201c<strong>Politika<\/strong>\u201d) ile; (1) Veri Sahiplerinin ki\u015fisel verilerinin i\u015flenmesi ve (2) \u0130nternet Sitesi Gizlilik Politikas\u0131\u2019n\u0131n y\u00fcr\u00fcrl\u00fc\u011f\u00fc hakk\u0131nda a\u00e7\u0131klamalar yap\u0131lmaktad\u0131r.<\/p><p>\u00a0<\/p><p>\u00a0<\/p><h6>1.1\u00a0\u00a0\u00a0\u00a0\u00a0 Veri Sahiplerinin Ki\u015fisel Verilerinin \u0130\u015flenmesi<\/h6><p>\u00a0<\/p><p>\u0130nternet sitemizi ziyaret etmeniz s\u0131ras\u0131nda elde edilen ki\u015fisel veriler, veri sorumlusu olarak \u015eirket taraf\u0131ndan 6698 say\u0131l\u0131 Ki\u015fisel Verilerin Korunmas\u0131 Kanunu (\u201c<strong>Kanun<\/strong>\u201d) uyar\u0131nca a\u015fa\u011f\u0131da a\u00e7\u0131klanan kapsamda i\u015flenebilecektir. Ki\u015fisel verilerinizin i\u015flenmesine ili\u015fkin detayl\u0131 bilgilere, <a href=\"http:\/\/www.fzk.com.tr\">www.fzk.com.tr<\/a> internet adresinden ula\u015fabilirsiniz.<\/p><p>\u00a0<\/p><h6>1.2\u00a0\u00a0\u00a0\u00a0\u00a0 Ki\u015fisel Verilerinizin \u0130\u015flenme Amac\u0131<\/h6><p><strong>\u00a0<\/strong><\/p><p>\u0130nternet Sitemizi ziyaret etmeniz dolay\u0131s\u0131yla elde edilen ki\u015fisel verileriniz a\u015fa\u011f\u0131da s\u0131ralanan ama\u00e7larla \u015eirket taraf\u0131ndan Kanun\u2019un 5. ve 6. maddelerine uygun olarak i\u015flenebilecektir:<\/p><p>\u00a0<\/p><ul><li>\u015eirket taraf\u0131ndan y\u00fcr\u00fct\u00fclen ticari faaliyetlerin ger\u00e7ekle\u015ftirilmesi i\u00e7in ilgili i\u015f birimlerimiz taraf\u0131ndan gerekli \u00e7al\u0131\u015fmalar\u0131n yap\u0131lmas\u0131 ve buna ba\u011fl\u0131 i\u015f s\u00fcre\u00e7lerinin y\u00fcr\u00fct\u00fclmesi,<\/li><li>\u015eirket taraf\u0131ndan sunulan \u00fcr\u00fcn ve hizmetlerden ilgili ki\u015fileri faydaland\u0131rmak i\u00e7in gerekli \u00e7al\u0131\u015fmalar\u0131n i\u015f birimlerimiz taraf\u0131ndan yap\u0131lmas\u0131 ve ilgili i\u015f s\u00fcre\u00e7lerinin y\u00fcr\u00fct\u00fclmesi,<\/li><li>\u015eirket taraf\u0131ndan sunulan \u00fcr\u00fcn ve hizmetlerin ilgili ki\u015filerin be\u011feni, kullan\u0131m al\u0131\u015fkanl\u0131klar\u0131 ve ihtiya\u00e7lar\u0131na g\u00f6re \u00f6zelle\u015ftirilerek ilgili ki\u015filere \u00f6nerilmesi ve tan\u0131t\u0131lmas\u0131 i\u00e7in gerekli olan aktivitelerin planlanmas\u0131 ve icras\u0131,<\/li><li>\u015eirket taraf\u0131ndan \u00e7al\u0131\u015fan veya \u00e7al\u0131\u015fan aday\u0131 verilerinin i\u015flenmesi ve staj\/mesleki e\u011fitim\/burs\/e\u011fitim program\u0131 faaliyetlerinin y\u00fcr\u00fct\u00fclmesi<\/li><\/ul><p>\u00a0<\/p><h6>1.3\u00a0\u00a0\u00a0\u00a0\u00a0 Ki\u015fisel Verilerinizin Aktar\u0131ld\u0131\u011f\u0131 Taraflar ve Aktar\u0131m Amac\u0131<\/h6><p>\u00a0<\/p><p>\u0130nternet sitemizi ziyaret etmeniz dolay\u0131s\u0131yla elde edilen ki\u015fisel verileriniz, ki\u015fisel verilerinizin i\u015flenme ama\u00e7lar\u0131 do\u011frultusunda, i\u015f ortaklar\u0131m\u0131za, tedarik\u00e7ilerimize kanunen yetkili kamu kurumlar\u0131na ve \u00f6zel ki\u015filere KVK Kanunu\u2019nun 8. ve 9. maddelerinde belirtilen ki\u015fisel veri i\u015fleme \u015fartlar\u0131 ve ama\u00e7lar\u0131 dahilinde aktar\u0131labilecektir.<\/p><p>\u00a0<\/p><h6>1.4\u00a0\u00a0\u00a0\u00a0\u00a0 Ki\u015fisel Verilerinizin Toplanma Y\u00f6ntemi ve Hukuki Sebebi<\/h6><p>\u00a0<\/p><p>Kimli\u011finizi belirli ya da belirlenebilir k\u0131lan her t\u00fcrl\u00fc bilgi \u201c<strong>ki\u015fisel veri<\/strong>\u201ddir. \u0130nternet sitemizi ziyaretiniz kapsam\u0131nda ki\u015fisel verileriniz Kanun\u2019da yer alan veri i\u015fleme \u015fartlar\u0131na uygun<\/p><p>olarak \u0130nternet Sitemizi ziyaret etmeniz dolay\u0131s\u0131yla teknik ileti\u015fim dosyalar\u0131 olan \u00e7erezler (<em>cookies) <\/em>vas\u0131tas\u0131yla toplanmaktad\u0131r.<\/p><p>\u00a0<\/p><h6>1.5\u00a0\u00a0\u00a0\u00a0\u00a0 Veri Sahiplerinin Haklar\u0131<\/h6><p>\u00a0<\/p><p>Ki\u015fisel veri sahibi olarak Kanun\u2019un 11. maddesi uyar\u0131nca a\u015fa\u011f\u0131daki haklara sahip oldu\u011funuzu bildiririz:<\/p><p>\u00a0<\/p><ul><li>Ki\u015fisel verilerinizin i\u015flenip i\u015flenmedi\u011fini \u00f6\u011frenme,<\/li><li>Ki\u015fisel verileriniz i\u015flenmi\u015fse buna ili\u015fkin bilgi talep etme,<\/li><li>Ki\u015fisel verilerinizin i\u015flenme amac\u0131n\u0131 ve bunlar\u0131n amac\u0131na uygun kullan\u0131l\u0131p kullan\u0131lmad\u0131\u011f\u0131n\u0131 \u00f6\u011frenme,<\/li><li>Yurt i\u00e7inde veya yurt d\u0131\u015f\u0131nda ki\u015fisel verilerinizin aktar\u0131ld\u0131\u011f\u0131 \u00fc\u00e7\u00fcnc\u00fc ki\u015fileri bilme,<\/li><li>Ki\u015fisel verilerinizin eksik veya yanl\u0131\u015f i\u015flenmi\u015f olmas\u0131 h\u00e2linde bunlar\u0131n d\u00fczeltilmesini isteme ve bu kapsamda yap\u0131lan i\u015flemin ki\u015fisel verilerinizin aktar\u0131ld\u0131\u011f\u0131 \u00fc\u00e7\u00fcnc\u00fc ki\u015filere bildirilmesini isteme,<\/li><li>Kanun\u2019a ve ilgili di\u011fer kanun h\u00fck\u00fcmlerine uygun olarak i\u015flenmi\u015f olmas\u0131na ra\u011fmen, i\u015flenmesini gerektiren sebeplerin ortadan kalkmas\u0131 h\u00e2linde ki\u015fisel verilerin silinmesini veya yok edilmesini isteme ve bu kapsamda yap\u0131lan i\u015flemin ki\u015fisel verilerinizin aktar\u0131ld\u0131\u011f\u0131 \u00fc\u00e7\u00fcnc\u00fc ki\u015filere bildirilmesini isteme,<\/li><li>\u0130\u015flenen verilerin m\u00fcnhas\u0131ran otomatik sistemler vas\u0131tas\u0131yla analiz edilmesi suretiyle aleyhinize bir sonucun ortaya \u00e7\u0131kmas\u0131 durumunda buna itiraz etme,<\/li><li>Ki\u015fisel verilerinizin kanuna ayk\u0131r\u0131 olarak i\u015flenmesi sebebiyle zarara u\u011framan\u0131z h\u00e2linde zarar\u0131n giderilmesini talep etme.<\/li><\/ul><p>\u00a0<\/p><p>Yukar\u0131da s\u0131ralanan haklar\u0131n\u0131za y\u00f6nelik ba\u015fvurular\u0131n\u0131z\u0131, <a href=\"mailto:fzk@.fzk.com.tr\">fzk@.fzk.com.tr<\/a> \u00a0adresine iletebilirsiniz. Talebinizin niteli\u011fine g\u00f6re en k\u0131sa s\u00fcrede ve en ge\u00e7 otuz g\u00fcn i\u00e7inde ba\u015fvurular\u0131n\u0131z \u00fccretsiz olarak sonu\u00e7land\u0131r\u0131lacakt\u0131r; ancak i\u015flemin ayr\u0131ca bir maliyet gerektirmesi halinde Ki\u015fisel Verileri Koruma Kurulu taraf\u0131ndan belirlenecek tarifeye g\u00f6re taraf\u0131n\u0131zdan \u00fccret talep edilebilecektir.<\/p><p><strong>\u00a0<\/strong><\/p><h6>1.6\u00a0\u00a0\u00a0\u00a0\u00a0 Gizlilik Politikas\u0131\u2019n\u0131n Y\u00fcr\u00fcrl\u00fc\u011f\u00fc<\/h6><p><strong>\u00a0<\/strong><\/p><p>\u015eirketimiz, bu politikay\u0131 g\u00fcncelleyebilir. Herhangi bir de\u011fi\u015fiklik durumunda, g\u00fcncellenmi\u015f politika \u015eirket internet sitesinde (www.fzk.com.tr) yay\u0131mlan\u0131r ve ki\u015fisel veri sahiplerinin talebi \u00fczerine ilgili ki\u015filerin eri\u015fimine sunulur.<\/p><p>\u00a0<\/p><p>Ki\u015fisel verilerinizin i\u015flenmesine ili\u015fkin detayl\u0131 bilgilere \u015eirketimize ait web sitesinin KVKK POL\u0130T\u0130KASI sayfas\u0131ndan ula\u015fabilirsiniz.<\/p><p>\u00a0<\/p><h6><strong>1<\/strong><strong>.7 Onay ve Kabul<\/strong><\/h6><p>\u00a0<\/p><p>Web sitemizi kullanarak, bu politika kapsam\u0131nda ki\u015fisel verilerinizin toplanmas\u0131na, kullan\u0131lmas\u0131na ve saklanmas\u0131na onay vermi\u015f olursunuz. Gizlilik politikam\u0131z\u0131 kabul etmiyorsan\u0131z, web sitemizi kullanmamay\u0131 tercih edebilirsiniz.<\/p><p>\u00a0<\/p>\t\t\t\t\t\t\t\t<\/div>\n\t\t\t\t<\/div>\n\t\t\t\t\t<\/div>\n\t\t<\/div>\n\t\t\t\t\t<\/div>\n\t\t<\/section>\n\t\t\t\t<\/div>\n\t\t","protected":false},"excerpt":{"rendered":"<p>\u00a0 Fzk M\u00fchendislik \u015eirketi (\u201c\u015eirket\u201d) taraf\u0131ndan i\u015fletilen www.fzk.com.tr internet sitesini ziyaret edenlerin (\u201cVeri Sahibi\u201d) gizlili\u011fini korumak \u015eirketimizin \u00f6nde gelen ilkelerindendir. \u0130nternet Sitesi Gizlilik Politikas\u0131 (\u201cPolitika\u201d) ile; (1) Veri Sahiplerinin ki\u015fisel verilerinin i\u015flenmesi ve (2) \u0130nternet Sitesi Gizlilik Politikas\u0131\u2019n\u0131n y\u00fcr\u00fcrl\u00fc\u011f\u00fc hakk\u0131nda a\u00e7\u0131klamalar yap\u0131lmaktad\u0131r. \u00a0 \u00a0 1.1\u00a0\u00a0\u00a0\u00a0\u00a0 Veri Sahiplerinin Ki\u015fisel Verilerinin \u0130\u015flenmesi \u00a0 \u0130nternet sitemizi ziyaret etmeniz&#8230;<\/p>\n","protected":false},"author":2,"featured_media":0,"parent":0,"menu_order":0,"comment_status":"closed","ping_status":"closed","template":"elementor_header_footer","meta":{"footnotes":""},"class_list":["post-992936","page","type-page","status-publish","hentry"],"_links":{"self":[{"href":"https:\/\/fzk.com.tr\/en\/wp-json\/wp\/v2\/pages\/992936","targetHints":{"allow":["GET"]}}],"collection":[{"href":"https:\/\/fzk.com.tr\/en\/wp-json\/wp\/v2\/pages"}],"about":[{"href":"https:\/\/fzk.com.tr\/en\/wp-json\/wp\/v2\/types\/page"}],"author":[{"embeddable":true,"href":"https:\/\/fzk.com.tr\/en\/wp-json\/wp\/v2\/users\/2"}],"replies":[{"embeddable":true,"href":"https:\/\/fzk.com.tr\/en\/wp-json\/wp\/v2\/comments?post=992936"}],"version-history":[{"count":3,"href":"https:\/\/fzk.com.tr\/en\/wp-json\/wp\/v2\/pages\/992936\/revisions"}],"predecessor-version":[{"id":993094,"href":"https:\/\/fzk.com.tr\/en\/wp-json\/wp\/v2\/pages\/992936\/revisions\/993094"}],"wp:attachment":[{"href":"https:\/\/fzk.com.tr\/en\/wp-json\/wp\/v2\/media?parent=992936"}],"curies":[{"name":"wp","href":"https:\/\/api.w.org\/{rel}","templated":true}]}}