{"id":992933,"date":"2024-05-21T10:10:11","date_gmt":"2024-05-21T07:10:11","guid":{"rendered":"https:\/\/fzk.com.tr\/tsi-y25-classic-bogie\/"},"modified":"2025-05-30T14:47:38","modified_gmt":"2025-05-30T11:47:38","slug":"tsi-y25-classic-bogie","status":"publish","type":"page","link":"https:\/\/fzk.com.tr\/en\/certificates\/tsi-y25-classic-bogie\/","title":{"rendered":"TSI Y25 CLASSIC BOGIE"},"content":{"rendered":"\t\t<div data-elementor-type=\"wp-page\" data-elementor-id=\"992933\" class=\"elementor elementor-992933 elementor-989856\" data-elementor-post-type=\"page\">\n\t\t\t\t\t\t<section class=\"elementor-section elementor-top-section elementor-element elementor-element-156094e elementor-section-boxed elementor-section-height-default elementor-section-height-default\" data-id=\"156094e\" data-element_type=\"section\">\n\t\t\t\t\t\t<div class=\"elementor-container elementor-column-gap-default\">\n\t\t\t\t\t<div class=\"elementor-column elementor-col-100 elementor-top-column elementor-element elementor-element-5a05f55\" data-id=\"5a05f55\" data-element_type=\"column\">\n\t\t\t<div class=\"elementor-widget-wrap\">\n\t\t\t\t\t\t\t<\/div>\n\t\t<\/div>\n\t\t\t\t\t<\/div>\n\t\t<\/section>\n\t\t\t\t<section class=\"elementor-section elementor-top-section elementor-element elementor-element-429d590 elementor-section-boxed elementor-section-height-default elementor-section-height-default\" data-id=\"429d590\" data-element_type=\"section\">\n\t\t\t\t\t\t<div class=\"elementor-container elementor-column-gap-no\">\n\t\t\t\t\t<div class=\"elementor-column elementor-col-33 elementor-top-column elementor-element elementor-element-c0e08d0\" data-id=\"c0e08d0\" data-element_type=\"column\" data-settings=\"{&quot;background_background&quot;:&quot;classic&quot;}\">\n\t\t\t<div class=\"elementor-widget-wrap elementor-element-populated\">\n\t\t\t\t\t\t<div class=\"elementor-element elementor-element-2dd66db elementor-widget elementor-widget-heading\" data-id=\"2dd66db\" data-element_type=\"widget\" data-widget_type=\"heading.default\">\n\t\t\t\t<div class=\"elementor-widget-container\">\n\t\t\t\t\t<h5 class=\"elementor-heading-title elementor-size-default\">certificates\n<\/h5>\t\t\t\t<\/div>\n\t\t\t\t<\/div>\n\t\t\t\t<div class=\"vamtam-has-theme-widget-styles elementor-element elementor-element-a13be69 elementor-nav-menu__align-start elementor-nav-menu--dropdown-tablet elementor-nav-menu__text-align-aside elementor-nav-menu--toggle elementor-nav-menu--burger vamtam-has-mobile-disable-scroll elementor-widget elementor-widget-nav-menu\" data-id=\"a13be69\" data-element_type=\"widget\" data-settings=\"{&quot;layout&quot;:&quot;vertical&quot;,&quot;submenu_icon&quot;:{&quot;value&quot;:&quot;&lt;i class=\\&quot;fas fa-caret-down\\&quot; aria-hidden=\\&quot;true\\&quot;&gt;&lt;\\\/i&gt;&quot;,&quot;library&quot;:&quot;fa-solid&quot;},&quot;toggle&quot;:&quot;burger&quot;}\" data-widget_type=\"nav-menu.default\">\n\t\t\t\t<div class=\"elementor-widget-container\">\n\t\t\t\t\t\t\t\t<nav aria-label=\"Men\u00fc\" class=\"elementor-nav-menu--main elementor-nav-menu__container elementor-nav-menu--layout-vertical e--pointer-text e--animation-none\">\n\t\t\t\t<ul id=\"menu-1-a13be69\" class=\"elementor-nav-menu sm-vertical\"><li class=\"menu-item menu-item-type-post_type menu-item-object-page menu-item-993770\"><a href=\"https:\/\/fzk.com.tr\/en\/certificates\/tsi-y25-classic-bogie-2\/\" class=\"elementor-item\">TSI Y25 CLASSIC BOGIE<\/a><\/li>\n<li class=\"menu-item menu-item-type-post_type menu-item-object-page menu-item-993771\"><a href=\"https:\/\/fzk.com.tr\/en\/certificates\/iso-90012015\/\" class=\"elementor-item\">ISO 9001:2015\u200b<\/a><\/li>\n<li class=\"menu-item menu-item-type-post_type menu-item-object-page menu-item-993772\"><a href=\"https:\/\/fzk.com.tr\/en\/certificates\/iris-iso-ts-221632017\/\" class=\"elementor-item\">IRIS ISO\/TS 22163:2017\u200b<\/a><\/li>\n<li class=\"menu-item menu-item-type-post_type menu-item-object-page menu-item-993773\"><a href=\"https:\/\/fzk.com.tr\/en\/certificates\/iso-140012015\/\" class=\"elementor-item\">ISO 14001:2015<\/a><\/li>\n<li class=\"menu-item menu-item-type-post_type menu-item-object-page menu-item-993774\"><a href=\"https:\/\/fzk.com.tr\/en\/certificates\/iso-450012018\/\" class=\"elementor-item\">ISO 45001:2018<\/a><\/li>\n<li class=\"menu-item menu-item-type-post_type menu-item-object-page menu-item-993775\"><a href=\"https:\/\/fzk.com.tr\/en\/certificates\/ts-en-iso-3834-2\/\" class=\"elementor-item\">TS EN ISO 3834-2<\/a><\/li>\n<li class=\"menu-item menu-item-type-post_type menu-item-object-page menu-item-993776\"><a href=\"https:\/\/fzk.com.tr\/en\/certificates\/ts-en-15085-2\/\" class=\"elementor-item\">TS EN 15085-2<\/a><\/li>\n<li class=\"menu-item menu-item-type-post_type menu-item-object-page menu-item-993777\"><a href=\"https:\/\/fzk.com.tr\/en\/certificates\/h-type-classic-bogie\/\" class=\"elementor-item\">TSI Y25 H TYPE BOGIE<\/a><\/li>\n<\/ul>\t\t\t<\/nav>\n\t\t\t\t\t<div class=\"elementor-menu-toggle\" role=\"button\" tabindex=\"0\" aria-label=\"Menu Toggle\" aria-expanded=\"false\">\n\t\t\t<i aria-hidden=\"true\" role=\"presentation\" class=\"elementor-menu-toggle__icon--open eicon-menu-bar\"><\/i><i aria-hidden=\"true\" role=\"presentation\" class=\"elementor-menu-toggle__icon--close eicon-close\"><\/i>\t\t<\/div>\n\t\t\t\t\t<nav class=\"elementor-nav-menu--dropdown elementor-nav-menu__container\" aria-hidden=\"true\">\n\t\t\t\t<ul id=\"menu-2-a13be69\" class=\"elementor-nav-menu sm-vertical\"><li class=\"menu-item menu-item-type-post_type menu-item-object-page menu-item-993770\"><a href=\"https:\/\/fzk.com.tr\/en\/certificates\/tsi-y25-classic-bogie-2\/\" class=\"elementor-item\" tabindex=\"-1\">TSI Y25 CLASSIC BOGIE<\/a><\/li>\n<li class=\"menu-item menu-item-type-post_type menu-item-object-page menu-item-993771\"><a href=\"https:\/\/fzk.com.tr\/en\/certificates\/iso-90012015\/\" class=\"elementor-item\" tabindex=\"-1\">ISO 9001:2015\u200b<\/a><\/li>\n<li class=\"menu-item menu-item-type-post_type menu-item-object-page menu-item-993772\"><a href=\"https:\/\/fzk.com.tr\/en\/certificates\/iris-iso-ts-221632017\/\" class=\"elementor-item\" tabindex=\"-1\">IRIS ISO\/TS 22163:2017\u200b<\/a><\/li>\n<li class=\"menu-item menu-item-type-post_type menu-item-object-page menu-item-993773\"><a href=\"https:\/\/fzk.com.tr\/en\/certificates\/iso-140012015\/\" class=\"elementor-item\" tabindex=\"-1\">ISO 14001:2015<\/a><\/li>\n<li class=\"menu-item menu-item-type-post_type menu-item-object-page menu-item-993774\"><a href=\"https:\/\/fzk.com.tr\/en\/certificates\/iso-450012018\/\" class=\"elementor-item\" tabindex=\"-1\">ISO 45001:2018<\/a><\/li>\n<li class=\"menu-item menu-item-type-post_type menu-item-object-page menu-item-993775\"><a href=\"https:\/\/fzk.com.tr\/en\/certificates\/ts-en-iso-3834-2\/\" class=\"elementor-item\" tabindex=\"-1\">TS EN ISO 3834-2<\/a><\/li>\n<li class=\"menu-item menu-item-type-post_type menu-item-object-page menu-item-993776\"><a href=\"https:\/\/fzk.com.tr\/en\/certificates\/ts-en-15085-2\/\" class=\"elementor-item\" tabindex=\"-1\">TS EN 15085-2<\/a><\/li>\n<li class=\"menu-item menu-item-type-post_type menu-item-object-page menu-item-993777\"><a href=\"https:\/\/fzk.com.tr\/en\/certificates\/h-type-classic-bogie\/\" class=\"elementor-item\" tabindex=\"-1\">TSI Y25 H TYPE BOGIE<\/a><\/li>\n<\/ul>\t\t\t<\/nav>\n\t\t\t\t\t\t<\/div>\n\t\t\t\t<\/div>\n\t\t\t\t\t<\/div>\n\t\t<\/div>\n\t\t\t\t<div class=\"elementor-column elementor-col-33 elementor-top-column elementor-element elementor-element-9e12bfc\" data-id=\"9e12bfc\" data-element_type=\"column\">\n\t\t\t<div class=\"elementor-widget-wrap elementor-element-populated\">\n\t\t\t\t\t\t<div class=\"elementor-element elementor-element-a6ae40f elementor-widget elementor-widget-text-editor\" data-id=\"a6ae40f\" data-element_type=\"widget\" data-widget_type=\"text-editor.default\">\n\t\t\t\t<div class=\"elementor-widget-container\">\n\t\t\t\t\t\t\t\t\t<h3>ts\u0131 Y25 class\u0131c bog\u0131e<\/h3>\t\t\t\t\t\t\t\t<\/div>\n\t\t\t\t<\/div>\n\t\t\t\t<div class=\"elementor-element elementor-element-f15353a elementor-widget elementor-widget-text-editor\" data-id=\"f15353a\" data-element_type=\"widget\" data-widget_type=\"text-editor.default\">\n\t\t\t\t<div class=\"elementor-widget-container\">\n\t\t\t\t\t\t\t\t\t<p>The TSI Y25 Classic Bogie certification represents a high standard of reliability and performance in rail transport.This certification certifies that the Y25 Classic Bogie can be used safely and efficiently on European railway networks.TSI (Technical Specifications for Interoperability) refers to the technical requirements set by the European Railway Agency and valid in all European Union countries.With this certificate, the Y25 Classic Bogie proves that it can operate smoothly on the railway networks of different countries and that it has passed compatibility tests.In addition, this certificate shows that features such as ease of maintenance, durability and high load carrying capacity are reliably provided. The TSI Y25 Classic Bogie certification is a reliable quality indicator for railway operators and manufacturers and offers a competitive advantage in international transport.<\/p>\t\t\t\t\t\t\t\t<\/div>\n\t\t\t\t<\/div>\n\t\t\t\t\t<\/div>\n\t\t<\/div>\n\t\t\t\t<div class=\"elementor-column elementor-col-33 elementor-top-column elementor-element elementor-element-87952b7\" data-id=\"87952b7\" data-element_type=\"column\">\n\t\t\t<div class=\"elementor-widget-wrap elementor-element-populated\">\n\t\t\t\t\t\t<div class=\"vamtam-has-theme-widget-styles elementor-element elementor-element-87f03a8 elementor-align-justify elementor-mobile-align-justify elementor-widget elementor-widget-button\" data-id=\"87f03a8\" data-element_type=\"widget\" data-widget_type=\"button.default\">\n\t\t\t\t<div class=\"elementor-widget-container\">\n\t\t\t\t\t\t\t\t\t<div class=\"elementor-button-wrapper\">\n\t\t\t\t\t<a class=\"elementor-button elementor-button-link elementor-size-sm\" href=\"https:\/\/fzk.com.tr\/wp-content\/uploads\/2024\/06\/TSI-Y25-Bogie.pdf\" target=\"_blank\">\n\t\t\t\t\t\t<span class=\"elementor-button-content-wrapper\">\n\t\t\t\t\t\t<span class=\"elementor-button-icon\">\n\t\t\t\t<i aria-hidden=\"true\" class=\"vamtamtheme- vamtam-theme-download\"><\/i>\t\t\t<\/span>\n\t\t\t\t\t\t\t\t\t<span class=\"elementor-button-text\">Download (CB-2025-RST-EN-6360)<\/span>\n\t\t\t\t\t<\/span>\n\t\t\t\t\t<\/a>\n\t\t\t\t<\/div>\n\t\t\t\t\t\t\t\t<\/div>\n\t\t\t\t<\/div>\n\t\t\t\t<div class=\"elementor-element elementor-element-fa400a6 elementor-widget elementor-widget-spacer\" data-id=\"fa400a6\" data-element_type=\"widget\" data-widget_type=\"spacer.default\">\n\t\t\t\t<div class=\"elementor-widget-container\">\n\t\t\t\t\t\t\t<div class=\"elementor-spacer\">\n\t\t\t<div class=\"elementor-spacer-inner\"><\/div>\n\t\t<\/div>\n\t\t\t\t\t\t<\/div>\n\t\t\t\t<\/div>\n\t\t\t\t<div class=\"vamtam-has-theme-widget-styles elementor-element elementor-element-8df2b50 elementor-align-justify elementor-mobile-align-justify elementor-widget elementor-widget-button\" data-id=\"8df2b50\" data-element_type=\"widget\" data-widget_type=\"button.default\">\n\t\t\t\t<div class=\"elementor-widget-container\">\n\t\t\t\t\t\t\t\t\t<div class=\"elementor-button-wrapper\">\n\t\t\t\t\t<a class=\"elementor-button elementor-button-link elementor-size-sm\" href=\"https:\/\/fzk.com.tr\/wp-content\/uploads\/2024\/08\/1767-4-CD-2023-RST-EN-056_v1.0.r.pdf\" target=\"_blank\">\n\t\t\t\t\t\t<span class=\"elementor-button-content-wrapper\">\n\t\t\t\t\t\t<span class=\"elementor-button-icon\">\n\t\t\t\t<i aria-hidden=\"true\" class=\"vamtamtheme- vamtam-theme-download\"><\/i>\t\t\t<\/span>\n\t\t\t\t\t\t\t\t\t<span class=\"elementor-button-text\">Download  (CD-2025-RST-EN-6361)<\/span>\n\t\t\t\t\t<\/span>\n\t\t\t\t\t<\/a>\n\t\t\t\t<\/div>\n\t\t\t\t\t\t\t\t<\/div>\n\t\t\t\t<\/div>\n\t\t\t\t\t<\/div>\n\t\t<\/div>\n\t\t\t\t\t<\/div>\n\t\t<\/section>\n\t\t<div class=\"elementor-element elementor-element-a5e2e7a e-flex e-con-boxed e-con e-parent\" data-id=\"a5e2e7a\" data-element_type=\"container\">\n\t\t\t\t\t<div class=\"e-con-inner\">\n\t\t\t\t\t<\/div>\n\t\t\t\t<\/div>\n\t\t\t\t<\/div>\n\t\t","protected":false},"excerpt":{"rendered":"<p>Sustainable future of steel<\/p>\n","protected":false},"author":2,"featured_media":992919,"parent":992959,"menu_order":0,"comment_status":"closed","ping_status":"closed","template":"","meta":{"footnotes":""},"class_list":["post-992933","page","type-page","status-publish","has-post-thumbnail","hentry"],"_links":{"self":[{"href":"https:\/\/fzk.com.tr\/en\/wp-json\/wp\/v2\/pages\/992933","targetHints":{"allow":["GET"]}}],"collection":[{"href":"https:\/\/fzk.com.tr\/en\/wp-json\/wp\/v2\/pages"}],"about":[{"href":"https:\/\/fzk.com.tr\/en\/wp-json\/wp\/v2\/types\/page"}],"author":[{"embeddable":true,"href":"https:\/\/fzk.com.tr\/en\/wp-json\/wp\/v2\/users\/2"}],"replies":[{"embeddable":true,"href":"https:\/\/fzk.com.tr\/en\/wp-json\/wp\/v2\/comments?post=992933"}],"version-history":[{"count":22,"href":"https:\/\/fzk.com.tr\/en\/wp-json\/wp\/v2\/pages\/992933\/revisions"}],"predecessor-version":[{"id":994737,"href":"https:\/\/fzk.com.tr\/en\/wp-json\/wp\/v2\/pages\/992933\/revisions\/994737"}],"up":[{"embeddable":true,"href":"https:\/\/fzk.com.tr\/en\/wp-json\/wp\/v2\/pages\/992959"}],"wp:featuredmedia":[{"embeddable":true,"href":"https:\/\/fzk.com.tr\/en\/wp-json\/wp\/v2\/media\/992919"}],"wp:attachment":[{"href":"https:\/\/fzk.com.tr\/en\/wp-json\/wp\/v2\/media?parent=992933"}],"curies":[{"name":"wp","href":"https:\/\/api.w.org\/{rel}","templated":true}]}}